{"id":3726,"date":"2025-10-13T19:49:56","date_gmt":"2025-10-13T19:49:56","guid":{"rendered":"https:\/\/rickwolfryd.com\/?page_id=3726"},"modified":"2025-10-13T19:52:44","modified_gmt":"2025-10-13T19:52:44","slug":"visita-nuestro-estudio","status":"publish","type":"page","link":"https:\/\/rickwolfryd.com\/en\/visita-nuestro-estudio\/","title":{"rendered":"Visita nuestro estudio"},"content":{"rendered":"<p>Por favor, responde las siguientes preguntas para poder agendarte una cita a nuestro estudio privado en la Ciudad de M\u00e9xico y darte el mejor servicio y atenci\u00f3n posible. Estamos felices de saber mas acerca de ti.<\/p>\n<style id=\"wpforms-css-vars-3717\">\n\t\t\t\t#wpforms-3717 {\n\t\t\t\t--wpforms-container-padding: 0px;\n--wpforms-container-border-width: 1px;\n--wpforms-container-border-radius: 3px;\n--wpforms-background-color: rgba(0, 0, 0, 0);\n--wpforms-field-size-input-height: 43px;\n--wpforms-field-size-input-spacing: 15px;\n--wpforms-field-size-font-size: 16px;\n--wpforms-field-size-line-height: 19px;\n--wpforms-field-size-padding-h: 14px;\n--wpforms-field-size-checkbox-size: 16px;\n--wpforms-field-size-sublabel-spacing: 5px;\n--wpforms-field-size-icon-size: 1;\n--wpforms-label-size-font-size: 16px;\n--wpforms-label-size-line-height: 19px;\n--wpforms-label-size-sublabel-font-size: 14px;\n--wpforms-label-size-sublabel-line-height: 17px;\n--wpforms-button-size-font-size: 17px;\n--wpforms-button-size-height: 41px;\n--wpforms-button-size-padding-h: 15px;\n--wpforms-button-size-margin-top: 10px;\n--wpforms-container-shadow-size-box-shadow: none;\n\t\t\t}\n\t\t\t<\/style><div class=\"wpforms-container wpforms-container-full wpforms-render-modern\" id=\"wpforms-3717\"><form id=\"wpforms-form-3717\" class=\"wpforms-validate wpforms-form wpforms-ajax-form\" data-formid=\"3717\" method=\"post\" enctype=\"multipart\/form-data\" action=\"\/en\/wp-json\/wp\/v2\/pages\/3726\" data-token=\"fadad0a8eeb7a6e94808127f068cee45\" data-token-time=\"1778087393\" data-trp-original-action=\"\/en\/wp-json\/wp\/v2\/pages\/3726\"><noscript class=\"wpforms-error-noscript\">Please enable JavaScript in your browser to complete this form.<\/noscript><div id=\"wpforms-error-noscript\" style=\"display: none;\">Please enable JavaScript in your browser to complete this form.<\/div><div class=\"wpforms-field-container\"><div id=\"wpforms-3717-field_11-container\" class=\"wpforms-field wpforms-field-name\" data-field-id=\"11\"><fieldset><legend class=\"wpforms-field-label\">Name <span class=\"wpforms-required-label\" aria-hidden=\"true\">*<\/span><\/legend><div class=\"wpforms-field-row wpforms-field-medium\"><div class=\"wpforms-field-row-block wpforms-first wpforms-one-half\"><input type=\"text\" id=\"wpforms-3717-field_11\" class=\"wpforms-field-name-first wpforms-field-required\" name=\"wpforms[fields][11][first]\" aria-errormessage=\"wpforms-3717-field_11-error\" required><label for=\"wpforms-3717-field_11\" class=\"wpforms-field-sublabel after\">First<\/label><\/div><div class=\"wpforms-field-row-block wpforms-one-half\"><input type=\"text\" id=\"wpforms-3717-field_11-last\" class=\"wpforms-field-name-last wpforms-field-required\" name=\"wpforms[fields][11][last]\" aria-errormessage=\"wpforms-3717-field_11-last-error\" required><label for=\"wpforms-3717-field_11-last\" class=\"wpforms-field-sublabel after\">Last<\/label><\/div><\/div><\/fieldset><\/div><div id=\"wpforms-3717-field_13-container\" class=\"wpforms-field wpforms-field-number\" data-field-id=\"13\"><label class=\"wpforms-field-label\" for=\"wpforms-3717-field_13\">N\u00famero de contacto<\/label><input type=\"number\" id=\"wpforms-3717-field_13\" class=\"wpforms-field-medium\" name=\"wpforms[fields][13]\" step=\"any\" aria-errormessage=\"wpforms-3717-field_13-error\" ><\/div><div id=\"wpforms-3717-field_12-container\" class=\"wpforms-field wpforms-field-email\" data-field-id=\"12\"><label class=\"wpforms-field-label\" for=\"wpforms-3717-field_12\">Correo electr\u00f3nico <span class=\"wpforms-required-label\" aria-hidden=\"true\">*<\/span><\/label><input type=\"email\" id=\"wpforms-3717-field_12\" class=\"wpforms-field-medium wpforms-field-required\" name=\"wpforms[fields][12]\" spellcheck=\"false\" aria-errormessage=\"wpforms-3717-field_12-error\" required><\/div><div id=\"wpforms-3717-field_1-container\" class=\"wpforms-field wpforms-field-radio\" data-field-id=\"1\"><fieldset><legend class=\"wpforms-field-label\">\u00bfCu\u00e1l de las siguientes opciones describe mejor tu relaci\u00f3n con el coleccionismo de arte? <span class=\"wpforms-required-label\" aria-hidden=\"true\">*<\/span><\/legend><ul id=\"wpforms-3717-field_1\" class=\"wpforms-field-required\"><li class=\"choice-1 depth-1\"><input type=\"radio\" id=\"wpforms-3717-field_1_1\" name=\"wpforms[fields][1]\" value=\"Estoy comenzando a construir mi colecci\u00f3n.\" aria-errormessage=\"wpforms-3717-field_1_1-error\" required><label class=\"wpforms-field-label-inline\" for=\"wpforms-3717-field_1_1\">Estoy comenzando a construir mi colecci\u00f3n.<\/label><\/li><li class=\"choice-2 depth-1\"><input type=\"radio\" id=\"wpforms-3717-field_1_2\" name=\"wpforms[fields][1]\" value=\"Compro arte de forma ocasional.\" aria-errormessage=\"wpforms-3717-field_1_2-error\" required><label class=\"wpforms-field-label-inline\" for=\"wpforms-3717-field_1_2\">Compro arte de forma ocasional.<\/label><\/li><li class=\"choice-3 depth-1\"><input type=\"radio\" id=\"wpforms-3717-field_1_3\" name=\"wpforms[fields][1]\" value=\"Soy un coleccionista establecido.\" aria-errormessage=\"wpforms-3717-field_1_3-error\" required><label class=\"wpforms-field-label-inline\" for=\"wpforms-3717-field_1_3\">Soy un coleccionista establecido.<\/label><\/li><li class=\"choice-4 depth-1\"><input type=\"radio\" id=\"wpforms-3717-field_1_4\" name=\"wpforms[fields][1]\" value=\"Adquiero arte principalmente como una inversi\u00f3n.\" aria-errormessage=\"wpforms-3717-field_1_4-error\" required><label class=\"wpforms-field-label-inline\" for=\"wpforms-3717-field_1_4\">Adquiero arte principalmente como una inversi\u00f3n.<\/label><\/li><\/ul><\/fieldset><\/div><div id=\"wpforms-3717-field_2-container\" class=\"wpforms-field wpforms-field-radio\" data-field-id=\"2\"><fieldset><legend class=\"wpforms-field-label\">\u00bfQu\u00e9 estilos o movimientos art\u00edsticos predominan en tu colecci\u00f3n actual?  <span class=\"wpforms-required-label\" aria-hidden=\"true\">*<\/span><\/legend><ul id=\"wpforms-3717-field_2\" class=\"wpforms-field-required\"><li class=\"choice-1 depth-1\"><input type=\"radio\" id=\"wpforms-3717-field_2_1\" name=\"wpforms[fields][2]\" value=\"Arte Pop\" aria-errormessage=\"wpforms-3717-field_2_1-error\" required><label class=\"wpforms-field-label-inline\" for=\"wpforms-3717-field_2_1\">Arte Pop<\/label><\/li><li class=\"choice-2 depth-1\"><input type=\"radio\" id=\"wpforms-3717-field_2_2\" name=\"wpforms[fields][2]\" value=\"Abstracto\" aria-errormessage=\"wpforms-3717-field_2_2-error\" required><label class=\"wpforms-field-label-inline\" for=\"wpforms-3717-field_2_2\">Abstracto<\/label><\/li><li class=\"choice-3 depth-1\"><input type=\"radio\" id=\"wpforms-3717-field_2_3\" name=\"wpforms[fields][2]\" value=\"Surrealismo\" aria-errormessage=\"wpforms-3717-field_2_3-error\" required><label class=\"wpforms-field-label-inline\" for=\"wpforms-3717-field_2_3\">Surrealismo<\/label><\/li><li class=\"choice-4 depth-1\"><input type=\"radio\" id=\"wpforms-3717-field_2_4\" name=\"wpforms[fields][2]\" value=\"Arte Urbano\" aria-errormessage=\"wpforms-3717-field_2_4-error\" required><label class=\"wpforms-field-label-inline\" for=\"wpforms-3717-field_2_4\">Arte Urbano<\/label><\/li><\/ul><\/fieldset><\/div><div id=\"wpforms-3717-field_3-container\" class=\"wpforms-field wpforms-field-radio\" data-field-id=\"3\"><fieldset><legend class=\"wpforms-field-label\">\u00bfC\u00f3mo descubriste la obra de Rick Wolfryd (CHROMA)? <span class=\"wpforms-required-label\" aria-hidden=\"true\">*<\/span><\/legend><ul id=\"wpforms-3717-field_3\" class=\"wpforms-field-required\"><li class=\"choice-1 depth-1\"><input type=\"radio\" id=\"wpforms-3717-field_3_1\" name=\"wpforms[fields][3]\" value=\"A trav\u00e9s de redes sociales (Instagram, Facebook, etc.).\" aria-errormessage=\"wpforms-3717-field_3_1-error\" required><label class=\"wpforms-field-label-inline\" for=\"wpforms-3717-field_3_1\">A trav\u00e9s de redes sociales (Instagram, Facebook, etc.).<\/label><\/li><li class=\"choice-2 depth-1\"><input type=\"radio\" id=\"wpforms-3717-field_3_2\" name=\"wpforms[fields][3]\" value=\"Por recomendaci\u00f3n de un amigo o colega.\" aria-errormessage=\"wpforms-3717-field_3_2-error\" required><label class=\"wpforms-field-label-inline\" for=\"wpforms-3717-field_3_2\">Por recomendaci\u00f3n de un amigo o colega.<\/label><\/li><li class=\"choice-3 depth-1\"><input type=\"radio\" id=\"wpforms-3717-field_3_3\" name=\"wpforms[fields][3]\" value=\"A trav\u00e9s de una publicaci\u00f3n o art\u00edculo de prensa.\" aria-errormessage=\"wpforms-3717-field_3_3-error\" required><label class=\"wpforms-field-label-inline\" for=\"wpforms-3717-field_3_3\">A trav\u00e9s de una publicaci\u00f3n o art\u00edculo de prensa.<\/label><\/li><li class=\"choice-4 depth-1\"><input type=\"radio\" id=\"wpforms-3717-field_3_4\" name=\"wpforms[fields][3]\" value=\"B\u00fasqueda en internet.\" aria-errormessage=\"wpforms-3717-field_3_4-error\" required><label class=\"wpforms-field-label-inline\" for=\"wpforms-3717-field_3_4\">B\u00fasqueda en internet.<\/label><\/li><\/ul><\/fieldset><\/div><div id=\"wpforms-3717-field_4-container\" class=\"wpforms-field wpforms-field-radio\" data-field-id=\"4\"><fieldset><legend class=\"wpforms-field-label\">Para preparar adecuadamente tu visita, \u00bfpodr\u00edas indicarnos el rango de precios con el que te sientes m\u00e1s c\u00f3modo para adquirir una pieza?  <span class=\"wpforms-required-label\" aria-hidden=\"true\">*<\/span><\/legend><ul id=\"wpforms-3717-field_4\" class=\"wpforms-field-required\"><li class=\"choice-1 depth-1\"><input type=\"radio\" id=\"wpforms-3717-field_4_1\" name=\"wpforms[fields][4]\" value=\"Menos de $2,000 USD\" aria-errormessage=\"wpforms-3717-field_4_1-error\" required><label class=\"wpforms-field-label-inline\" for=\"wpforms-3717-field_4_1\">Menos de $2,000 USD<\/label><\/li><li class=\"choice-2 depth-1\"><input type=\"radio\" id=\"wpforms-3717-field_4_2\" name=\"wpforms[fields][4]\" value=\"$2,000 - $5,000 USD\" aria-errormessage=\"wpforms-3717-field_4_2-error\" required><label class=\"wpforms-field-label-inline\" for=\"wpforms-3717-field_4_2\">$2,000 - $5,000 USD<\/label><\/li><li class=\"choice-3 depth-1\"><input type=\"radio\" id=\"wpforms-3717-field_4_3\" name=\"wpforms[fields][4]\" value=\"$5,000 - $10,000 USD\" aria-errormessage=\"wpforms-3717-field_4_3-error\" required><label class=\"wpforms-field-label-inline\" for=\"wpforms-3717-field_4_3\">$5,000 - $10,000 USD<\/label><\/li><li class=\"choice-4 depth-1\"><input type=\"radio\" id=\"wpforms-3717-field_4_4\" name=\"wpforms[fields][4]\" value=\"M\u00e1s de $20,000 USD\" aria-errormessage=\"wpforms-3717-field_4_4-error\" required><label class=\"wpforms-field-label-inline\" for=\"wpforms-3717-field_4_4\">M\u00e1s de $20,000 USD<\/label><\/li><\/ul><\/fieldset><\/div><div id=\"wpforms-3717-field_10-container\" class=\"wpforms-field wpforms-field-text\" data-field-id=\"10\"><label class=\"wpforms-field-label\" for=\"wpforms-3717-field_10\">Cuentanos un poco de tu coleccion de arte; \u00bfCu\u00e1l fue la ultima obra que adquiriste? <span class=\"wpforms-required-label\" aria-hidden=\"true\">*<\/span><\/label><input type=\"text\" id=\"wpforms-3717-field_10\" class=\"wpforms-field-medium wpforms-field-required\" name=\"wpforms[fields][10]\" aria-errormessage=\"wpforms-3717-field_10-error\" required><\/div><div id=\"wpforms-3717-field_5-container\" class=\"wpforms-field wpforms-field-text\" data-field-id=\"5\"><label class=\"wpforms-field-label\" for=\"wpforms-3717-field_5\">\u00bfHay alguna pieza o serie de la obra de Rick Wolfryd que te interese en particular? <span class=\"wpforms-required-label\" aria-hidden=\"true\">*<\/span><\/label><input type=\"text\" id=\"wpforms-3717-field_5\" class=\"wpforms-field-medium wpforms-field-required\" name=\"wpforms[fields][5]\" aria-errormessage=\"wpforms-3717-field_5-error\" required><\/div><div id=\"wpforms-3717-field_6-container\" class=\"wpforms-field wpforms-field-text\" data-field-id=\"6\"><label class=\"wpforms-field-label\" for=\"wpforms-3717-field_6\">\u00bfA qu\u00e9 te dedicas profesionalmente? <span class=\"wpforms-required-label\" aria-hidden=\"true\">*<\/span><\/label><input type=\"text\" id=\"wpforms-3717-field_6\" class=\"wpforms-field-medium wpforms-field-required\" name=\"wpforms[fields][6]\" aria-errormessage=\"wpforms-3717-field_6-error\" required><\/div>\t\t<div id=\"wpforms-3717-field_14-container\"\n\t\t\tclass=\"wpforms-field wpforms-field-text\"\n\t\t\tdata-field-type=\"text\"\n\t\t\tdata-field-id=\"14\"\n\t\t\t>\n\t\t\t<label class=\"wpforms-field-label\" for=\"wpforms-3717-field_14\" >las espec\u00edfico visita,<\/label>\n\t\t\t<input type=\"text\" id=\"wpforms-3717-field_14\" class=\"wpforms-field-medium\" name=\"wpforms[fields][14]\" >\n\t\t<\/div>\n\t\t<div id=\"wpforms-3717-field_7-container\" class=\"wpforms-field wpforms-field-text\" data-field-id=\"7\"><label class=\"wpforms-field-label\" for=\"wpforms-3717-field_7\">\u00bfEn qu\u00e9 alcald\u00eda de la Ciudad de M\u00e9xico resides? <span class=\"wpforms-required-label\" aria-hidden=\"true\">*<\/span><\/label><input type=\"text\" id=\"wpforms-3717-field_7\" class=\"wpforms-field-medium wpforms-field-required\" name=\"wpforms[fields][7]\" aria-errormessage=\"wpforms-3717-field_7-error\" required><\/div><div id=\"wpforms-3717-field_9-container\" class=\"wpforms-field wpforms-field-text\" data-field-id=\"9\"><label class=\"wpforms-field-label\" for=\"wpforms-3717-field_9\">\u00bfTienes un proyecto o espacio espec\u00edfico en mente para una nueva adquisici\u00f3n? (Ej: &quot;la sala de mi casa&quot;, &quot;la recepci\u00f3n de mi oficina&quot;, etc.) <span class=\"wpforms-required-label\" aria-hidden=\"true\">*<\/span><\/label><input type=\"text\" id=\"wpforms-3717-field_9\" class=\"wpforms-field-medium wpforms-field-required\" name=\"wpforms[fields][9]\" aria-errormessage=\"wpforms-3717-field_9-error\" required><\/div><div id=\"wpforms-3717-field_8-container\" class=\"wpforms-field wpforms-field-radio\" data-field-id=\"8\"><fieldset><legend class=\"wpforms-field-label\">\u00bfCu\u00e1l es tu disponibilidad general para agendar una visita al estudio? <span class=\"wpforms-required-label\" aria-hidden=\"true\">*<\/span><\/legend><ul id=\"wpforms-3717-field_8\" class=\"wpforms-field-required\"><li class=\"choice-1 depth-1\"><input type=\"radio\" id=\"wpforms-3717-field_8_1\" name=\"wpforms[fields][8]\" value=\"Entre semana por la ma\u00f1ana.\" aria-errormessage=\"wpforms-3717-field_8_1-error\" required><label class=\"wpforms-field-label-inline\" for=\"wpforms-3717-field_8_1\">Entre semana por la ma\u00f1ana.<\/label><\/li><li class=\"choice-2 depth-1\"><input type=\"radio\" id=\"wpforms-3717-field_8_2\" name=\"wpforms[fields][8]\" value=\"Entre semana por la tarde.\" aria-errormessage=\"wpforms-3717-field_8_2-error\" required><label class=\"wpforms-field-label-inline\" for=\"wpforms-3717-field_8_2\">Entre semana por la tarde.<\/label><\/li><li class=\"choice-3 depth-1\"><input type=\"radio\" id=\"wpforms-3717-field_8_3\" name=\"wpforms[fields][8]\" value=\"Fines de semana.\" aria-errormessage=\"wpforms-3717-field_8_3-error\" required><label class=\"wpforms-field-label-inline\" for=\"wpforms-3717-field_8_3\">Fines de semana.<\/label><\/li><li class=\"choice-4 depth-1\"><input type=\"radio\" id=\"wpforms-3717-field_8_4\" name=\"wpforms[fields][8]\" value=\"Flexible, a coordinar.\" aria-errormessage=\"wpforms-3717-field_8_4-error\" required><label class=\"wpforms-field-label-inline\" for=\"wpforms-3717-field_8_4\">Flexible, a coordinar.<\/label><\/li><\/ul><\/fieldset><\/div><script>\n\t\t\t\t( function() {\n\t\t\t\t\tconst style = document.createElement( 'style' );\n\t\t\t\t\tstyle.appendChild( document.createTextNode( '#wpforms-3717-field_14-container { position: absolute !important; overflow: hidden !important; display: inline !important; height: 1px !important; width: 1px !important; z-index: -1000 !important; padding: 0 !important; } #wpforms-3717-field_14-container input { visibility: hidden; } #wpforms-conversational-form-page #wpforms-3717-field_14-container label { counter-increment: none; }' ) );\n\t\t\t\t\tdocument.head.appendChild( style );\n\t\t\t\t\tdocument.currentScript?.remove();\n\t\t\t\t} )();\n\t\t\t<\/script><\/div><!-- .wpforms-field-container --><div class=\"wpforms-submit-container\" ><input type=\"hidden\" name=\"wpforms[id]\" value=\"3717\"><input type=\"hidden\" name=\"page_title\" value=\"\"><input type=\"hidden\" name=\"page_url\" value=\"https:\/\/rickwolfryd.com\/en\/wp-json\/wp\/v2\/pages\/3726\"><input type=\"hidden\" name=\"url_referer\" value=\"\"><button type=\"submit\" name=\"wpforms[submit]\" id=\"wpforms-submit-3717\" class=\"wpforms-submit\" data-alt-text=\"Enviando...\" data-submit-text=\"Enviar\" aria-live=\"assertive\" value=\"wpforms-submit\">Enviar<\/button><img decoding=\"async\" src=\"https:\/\/rickwolfryd.com\/wp-content\/plugins\/wpforms-lite\/assets\/images\/submit-spin.svg\" class=\"wpforms-submit-spinner\" style=\"display: none;\" width=\"26\" height=\"26\" alt=\"Loading\"><\/div><input type=\"hidden\" name=\"trp-form-language\" value=\"en\"\/><\/form><\/div>  <!-- .wpforms-container -->","protected":false},"excerpt":{"rendered":"<p>Por favor, responde las siguientes preguntas para poder agendarte una cita a nuestro estudio privado en la Ciudad de M\u00e9xico y darte el mejor servicio y atenci\u00f3n posible. Estamos felices de saber mas acerca de ti.<\/p>","protected":false},"author":1,"featured_media":0,"parent":0,"menu_order":0,"comment_status":"closed","ping_status":"closed","template":"","meta":{"footnotes":""},"class_list":["post-3726","page","type-page","status-publish","hentry"],"yoast_head":"<!-- This site is optimized with the Yoast SEO Premium plugin v22.1 (Yoast SEO v27.5) - https:\/\/yoast.com\/product\/yoast-seo-premium-wordpress\/ -->\n<title>Visita nuestro estudio | Rick Wolfryd Shop<\/title>\n<meta name=\"description\" content=\"Visitanos y obten las ultimas piezas de Chroma aka Rick Wolfryd antes que nadie. \u00a1Solo llena el formulario y nos vemos pronto!\" \/>\n<meta name=\"robots\" content=\"index, follow, max-snippet:-1, max-image-preview:large, max-video-preview:-1\" \/>\n<link rel=\"canonical\" href=\"https:\/\/rickwolfryd.com\/en\/visita-nuestro-estudio\/\" \/>\n<meta property=\"og:locale\" content=\"en_US\" \/>\n<meta property=\"og:type\" content=\"article\" \/>\n<meta property=\"og:title\" content=\"Visita nuestro estudio\" \/>\n<meta property=\"og:description\" content=\"Visitanos y obten las ultimas piezas de Chroma aka Rick Wolfryd antes que nadie. \u00a1Solo llena el formulario y nos vemos pronto!\" \/>\n<meta property=\"og:url\" content=\"https:\/\/rickwolfryd.com\/en\/visita-nuestro-estudio\/\" \/>\n<meta property=\"og:site_name\" content=\"Rick Wolfryd Shop\" \/>\n<meta property=\"article:publisher\" content=\"https:\/\/www.facebook.com\/rick.wolfryd\" \/>\n<meta property=\"article:modified_time\" content=\"2025-10-13T19:52:44+00:00\" \/>\n<meta property=\"og:image\" content=\"https:\/\/rickwolfryd.com\/wp-content\/uploads\/2024\/11\/cropped-cropped-cropped-image09.png\" \/>\n\t<meta property=\"og:image:width\" content=\"512\" \/>\n\t<meta property=\"og:image:height\" content=\"512\" \/>\n\t<meta property=\"og:image:type\" content=\"image\/png\" \/>\n<meta name=\"twitter:card\" content=\"summary_large_image\" \/>\n<meta name=\"twitter:label1\" content=\"Est. reading time\" \/>\n\t<meta name=\"twitter:data1\" content=\"1 minute\" \/>\n<script type=\"application\/ld+json\" class=\"yoast-schema-graph\">{\"@context\":\"https:\\\/\\\/schema.org\",\"@graph\":[{\"@type\":\"WebPage\",\"@id\":\"https:\\\/\\\/rickwolfryd.com\\\/visita-nuestro-estudio\\\/\",\"url\":\"https:\\\/\\\/rickwolfryd.com\\\/visita-nuestro-estudio\\\/\",\"name\":\"Visita nuestro estudio | Rick Wolfryd Shop\",\"isPartOf\":{\"@id\":\"https:\\\/\\\/rickwolfryd.com\\\/#website\"},\"datePublished\":\"2025-10-13T19:49:56+00:00\",\"dateModified\":\"2025-10-13T19:52:44+00:00\",\"description\":\"Visitanos y obten las ultimas piezas de Chroma aka Rick Wolfryd antes que nadie. \u00a1Solo llena el formulario y nos vemos pronto!\",\"breadcrumb\":{\"@id\":\"https:\\\/\\\/rickwolfryd.com\\\/visita-nuestro-estudio\\\/#breadcrumb\"},\"inLanguage\":\"en-US\",\"potentialAction\":[{\"@type\":\"ReadAction\",\"target\":[\"https:\\\/\\\/rickwolfryd.com\\\/visita-nuestro-estudio\\\/\"]}]},{\"@type\":\"BreadcrumbList\",\"@id\":\"https:\\\/\\\/rickwolfryd.com\\\/visita-nuestro-estudio\\\/#breadcrumb\",\"itemListElement\":[{\"@type\":\"ListItem\",\"position\":1,\"name\":\"Inicio\",\"item\":\"https:\\\/\\\/rickwolfryd.com\\\/\"},{\"@type\":\"ListItem\",\"position\":2,\"name\":\"Visita nuestro estudio\"}]},{\"@type\":\"WebSite\",\"@id\":\"https:\\\/\\\/rickwolfryd.com\\\/#website\",\"url\":\"https:\\\/\\\/rickwolfryd.com\\\/\",\"name\":\"Rick Wolfryd | Chroma Official Shop\",\"description\":\"Art Shop\",\"publisher\":{\"@id\":\"https:\\\/\\\/rickwolfryd.com\\\/#organization\"},\"alternateName\":\"Chroma Official Shop\",\"potentialAction\":[{\"@type\":\"SearchAction\",\"target\":{\"@type\":\"EntryPoint\",\"urlTemplate\":\"https:\\\/\\\/rickwolfryd.com\\\/?s={search_term_string}\"},\"query-input\":{\"@type\":\"PropertyValueSpecification\",\"valueRequired\":true,\"valueName\":\"search_term_string\"}}],\"inLanguage\":\"en-US\"},{\"@type\":\"Organization\",\"@id\":\"https:\\\/\\\/rickwolfryd.com\\\/#organization\",\"name\":\"Rick Wolfryd | Chroma Official Shop\",\"url\":\"https:\\\/\\\/rickwolfryd.com\\\/\",\"logo\":{\"@type\":\"ImageObject\",\"inLanguage\":\"en-US\",\"@id\":\"https:\\\/\\\/rickwolfryd.com\\\/#\\\/schema\\\/logo\\\/image\\\/\",\"url\":\"https:\\\/\\\/rickwolfryd.com\\\/wp-content\\\/uploads\\\/2024\\\/11\\\/cropped-cropped-image09.png\",\"contentUrl\":\"https:\\\/\\\/rickwolfryd.com\\\/wp-content\\\/uploads\\\/2024\\\/11\\\/cropped-cropped-image09.png\",\"width\":219,\"height\":190,\"caption\":\"Rick Wolfryd | Chroma Official Shop\"},\"image\":{\"@id\":\"https:\\\/\\\/rickwolfryd.com\\\/#\\\/schema\\\/logo\\\/image\\\/\"},\"sameAs\":[\"https:\\\/\\\/www.facebook.com\\\/rick.wolfryd\",\"https:\\\/\\\/www.linkedin.com\\\/in\\\/rick-wolfryd-16897876\\\/\"]}]}<\/script>\n<!-- \/ Yoast SEO Premium plugin. -->","yoast_head_json":{"title":"Visita nuestro estudio | Rick Wolfryd Shop","description":"Visitanos y obten las ultimas piezas de Chroma aka Rick Wolfryd antes que nadie. \u00a1Solo llena el formulario y nos vemos pronto!","robots":{"index":"index","follow":"follow","max-snippet":"max-snippet:-1","max-image-preview":"max-image-preview:large","max-video-preview":"max-video-preview:-1"},"canonical":"https:\/\/rickwolfryd.com\/en\/visita-nuestro-estudio\/","og_locale":"en_US","og_type":"article","og_title":"Visita nuestro estudio","og_description":"Visitanos y obten las ultimas piezas de Chroma aka Rick Wolfryd antes que nadie. \u00a1Solo llena el formulario y nos vemos pronto!","og_url":"https:\/\/rickwolfryd.com\/en\/visita-nuestro-estudio\/","og_site_name":"Rick Wolfryd Shop","article_publisher":"https:\/\/www.facebook.com\/rick.wolfryd","article_modified_time":"2025-10-13T19:52:44+00:00","og_image":[{"width":512,"height":512,"url":"https:\/\/rickwolfryd.com\/wp-content\/uploads\/2024\/11\/cropped-cropped-cropped-image09.png","type":"image\/png"}],"twitter_card":"summary_large_image","twitter_misc":{"Est. reading time":"1 minute"},"schema":{"@context":"https:\/\/schema.org","@graph":[{"@type":"WebPage","@id":"https:\/\/rickwolfryd.com\/visita-nuestro-estudio\/","url":"https:\/\/rickwolfryd.com\/visita-nuestro-estudio\/","name":"Visita nuestro estudio | Rick Wolfryd Shop","isPartOf":{"@id":"https:\/\/rickwolfryd.com\/#website"},"datePublished":"2025-10-13T19:49:56+00:00","dateModified":"2025-10-13T19:52:44+00:00","description":"Visitanos y obten las ultimas piezas de Chroma aka Rick Wolfryd antes que nadie. \u00a1Solo llena el formulario y nos vemos pronto!","breadcrumb":{"@id":"https:\/\/rickwolfryd.com\/visita-nuestro-estudio\/#breadcrumb"},"inLanguage":"en-US","potentialAction":[{"@type":"ReadAction","target":["https:\/\/rickwolfryd.com\/visita-nuestro-estudio\/"]}]},{"@type":"BreadcrumbList","@id":"https:\/\/rickwolfryd.com\/visita-nuestro-estudio\/#breadcrumb","itemListElement":[{"@type":"ListItem","position":1,"name":"Inicio","item":"https:\/\/rickwolfryd.com\/"},{"@type":"ListItem","position":2,"name":"Visita nuestro estudio"}]},{"@type":"WebSite","@id":"https:\/\/rickwolfryd.com\/#website","url":"https:\/\/rickwolfryd.com\/","name":"Rick Wolfryd | Chroma Official Shop","description":"Art Shop","publisher":{"@id":"https:\/\/rickwolfryd.com\/#organization"},"alternateName":"Chroma Official Shop","potentialAction":[{"@type":"SearchAction","target":{"@type":"EntryPoint","urlTemplate":"https:\/\/rickwolfryd.com\/?s={search_term_string}"},"query-input":{"@type":"PropertyValueSpecification","valueRequired":true,"valueName":"search_term_string"}}],"inLanguage":"en-US"},{"@type":"Organization","@id":"https:\/\/rickwolfryd.com\/#organization","name":"Rick Wolfryd | Chroma Official Shop","url":"https:\/\/rickwolfryd.com\/","logo":{"@type":"ImageObject","inLanguage":"en-US","@id":"https:\/\/rickwolfryd.com\/#\/schema\/logo\/image\/","url":"https:\/\/rickwolfryd.com\/wp-content\/uploads\/2024\/11\/cropped-cropped-image09.png","contentUrl":"https:\/\/rickwolfryd.com\/wp-content\/uploads\/2024\/11\/cropped-cropped-image09.png","width":219,"height":190,"caption":"Rick Wolfryd | Chroma Official Shop"},"image":{"@id":"https:\/\/rickwolfryd.com\/#\/schema\/logo\/image\/"},"sameAs":["https:\/\/www.facebook.com\/rick.wolfryd","https:\/\/www.linkedin.com\/in\/rick-wolfryd-16897876\/"]}]}},"_hostinger_reach_plugin_has_subscription_block":false,"_hostinger_reach_plugin_is_elementor":false,"_links":{"self":[{"href":"https:\/\/rickwolfryd.com\/en\/wp-json\/wp\/v2\/pages\/3726","targetHints":{"allow":["GET"]}}],"collection":[{"href":"https:\/\/rickwolfryd.com\/en\/wp-json\/wp\/v2\/pages"}],"about":[{"href":"https:\/\/rickwolfryd.com\/en\/wp-json\/wp\/v2\/types\/page"}],"author":[{"embeddable":true,"href":"https:\/\/rickwolfryd.com\/en\/wp-json\/wp\/v2\/users\/1"}],"replies":[{"embeddable":true,"href":"https:\/\/rickwolfryd.com\/en\/wp-json\/wp\/v2\/comments?post=3726"}],"version-history":[{"count":0,"href":"https:\/\/rickwolfryd.com\/en\/wp-json\/wp\/v2\/pages\/3726\/revisions"}],"wp:attachment":[{"href":"https:\/\/rickwolfryd.com\/en\/wp-json\/wp\/v2\/media?parent=3726"}],"curies":[{"name":"wp","href":"https:\/\/api.w.org\/{rel}","templated":true}]}}