{"id":1455,"date":"2024-12-24T20:26:10","date_gmt":"2024-12-24T20:26:10","guid":{"rendered":"https:\/\/rickwolfryd.com\/?post_type=product&#038;p=1455"},"modified":"2025-07-21T05:08:50","modified_gmt":"2025-07-21T05:08:50","slug":"chroma-aka-rick-wolfryd-beatles-gonna-carry-that-way","status":"publish","type":"product","link":"https:\/\/rickwolfryd.com\/en\/product\/chroma-aka-rick-wolfryd-beatles-gonna-carry-that-way\/","title":{"rendered":"CHROMA aka Rick Wolfryd | &#8220;Beatles Gonna Carry That Wait&#8221;"},"content":{"rendered":"<h1>ARTE DE ALTERACI\u00d3N<\/h1>\n<p>es un proceso de colaboraci\u00f3n entre Rick Wolfryd, artista pl\u00e1stico y marchante de arte con m\u00e1s de 40 a\u00f1os de experiencia, y varios artistas huicholes mexicanos y estudios de arte huicholes mexicanos por los que Rick se ha sentido atra\u00eddo tras m\u00e1s de 10 a\u00f1os viviendo en M\u00e9xico. En la actualidad, Rick se dedica principalmente a trabajar y fabricar abalorios de vidrio mexicanos de estilo huichol para crear una visi\u00f3n alterada y obras de arte coleccionables mediante la aplicaci\u00f3n y el efecto de los abalorios. Para Rick, que lleva 20 a\u00f1os experimentando con pixelizaciones photoshopeadas en el ordenador, existe una similitud sublime entre el contenido pixelado y la aplicaci\u00f3n de abalorios&#8230; ambos se basan en la geometr\u00eda y el efecto de patrones de puntos para crear im\u00e1genes especiales. A nivel de comparaci\u00f3n est\u00e9tica cruzada, Rick tambi\u00e9n ha experimentado con dibujos y patrones antropom\u00f3rficos abstractos en sus primeros trabajos manuales impresos y dibujados&#8230; que m\u00e1s tarde se hicieron evidentes en sus ilustraciones mecanografiadas e incursiones en el arte pixelado por ordenador. Cuentas de vidrio con esteroides para 2023 . . . es como Rick se refiere a su trabajo actual. . . El proyecto de ALTERACI\u00d3N tiene en mente ayudar respetuosamente a que la comunidad huichol crezca y prospere y sea m\u00e1s conocida y reconocida en todo el mundo del arte. &#8230; Escultura de toro con cuentas al estilo huichol mexicano. \u00a1\u00a1\u00a1EL ARTISTA SIEMPRE EST\u00c1 ABIERTO A ENCARGOS PARA TI!!!<\/p>\n<hr \/>\n<h2>**ALTERATION ART**<\/h2>\n<p>is a unique collaborative process between Rick Wolfryd, an accomplished visual artist and art dealer with over 40 years of experience, and various Huichol artists and studios in Mexico, with whom Rick has been deeply engaged after more than a decade of living in the country.<\/p>\n<p>Today, Rick focuses primarily on working with traditional Huichol-style Mexican glass beading, crafting collectible artworks and offering an altered vision through the application and effect of intricate beadwork.<\/p>\n<p>For Rick, who has spent 20 years exploring pixelation through Photoshop, there\u2019s a sublime connection between pixelated images and beadwork\u2014both rely on geometry and patterned dot effects to create distinctive imagery.<\/p>\n<p>In terms of aesthetic exploration, Rick has also experimented with abstract anthropomorphic designs and patterns in his early handmade prints and drawings, which later evolved into his typed illustrations and ventures into computer-generated pixel art.<\/p>\n<p>**Glass beads on steroids for 2023**\u2014as Rick describes his latest work&#8230;<\/p>\n<p>The ALTERATION project respectfully aims to support and elevate the Huichol community, fostering recognition and visibility for their art in the broader art world.<\/p>\n<p>*Mexican Huichol-style beaded bull sculpture.*<\/p>\n<p>**THE ARTIST IS ALWAYS OPEN TO COMMISSIONS FOR YOU!**<\/p>\n<style id=\"wpforms-css-vars-289\">\n\t\t\t\t#wpforms-289 {\n\t\t\t\t\n\t\t\t}\n\t\t\t<\/style><div class=\"wpforms-container wpforms-container-full wpforms-render-modern\" id=\"wpforms-289\"><form id=\"wpforms-form-289\" class=\"wpforms-validate wpforms-form wpforms-ajax-form\" data-formid=\"289\" method=\"post\" enctype=\"multipart\/form-data\" action=\"\/en\/wp-json\/wp\/v2\/product\/1455\" data-token=\"b4670f14855b64d810ab9f39a12c7ec1\" data-token-time=\"1778089348\" data-trp-original-action=\"\/en\/wp-json\/wp\/v2\/product\/1455\"><noscript class=\"wpforms-error-noscript\">Please enable JavaScript in your browser to complete this form.<\/noscript><div id=\"wpforms-error-noscript\" style=\"display: none;\">Please enable JavaScript in your browser to complete this form.<\/div><div class=\"wpforms-field-container\"><div id=\"wpforms-289-field_1-container\" class=\"wpforms-field wpforms-field-name\" data-field-id=\"1\"><label class=\"wpforms-field-label\" for=\"wpforms-289-field_1\">Nombre | Name <span class=\"wpforms-required-label\" aria-hidden=\"true\">*<\/span><\/label><input type=\"text\" id=\"wpforms-289-field_1\" class=\"wpforms-field-medium wpforms-field-required\" name=\"wpforms[fields][1]\" aria-errormessage=\"wpforms-289-field_1-error\" required><\/div><div id=\"wpforms-289-field_2-container\" class=\"wpforms-field wpforms-field-email\" data-field-id=\"2\"><label class=\"wpforms-field-label\" for=\"wpforms-289-field_2\">Email <span class=\"wpforms-required-label\" aria-hidden=\"true\">*<\/span><\/label><input type=\"email\" id=\"wpforms-289-field_2\" class=\"wpforms-field-medium wpforms-field-required\" name=\"wpforms[fields][2]\" spellcheck=\"false\" aria-errormessage=\"wpforms-289-field_2-error\" required><\/div><div id=\"wpforms-289-field_6-container\" class=\"wpforms-field wpforms-field-text\" data-field-id=\"6\"><label class=\"wpforms-field-label\" for=\"wpforms-289-field_6\">Pa\u00eds | Country <span class=\"wpforms-required-label\" aria-hidden=\"true\">*<\/span><\/label><input type=\"text\" id=\"wpforms-289-field_6\" class=\"wpforms-field-medium wpforms-field-required\" name=\"wpforms[fields][6]\" aria-errormessage=\"wpforms-289-field_6-error\" required><\/div>\t\t<div id=\"wpforms-289-field_4-container\"\n\t\t\tclass=\"wpforms-field wpforms-field-text\"\n\t\t\tdata-field-type=\"text\"\n\t\t\tdata-field-id=\"4\"\n\t\t\t>\n\t\t\t<label class=\"wpforms-field-label\" for=\"wpforms-289-field_4\" >Tell tu Name<\/label>\n\t\t\t<input type=\"text\" id=\"wpforms-289-field_4\" class=\"wpforms-field-medium\" name=\"wpforms[fields][4]\" >\n\t\t<\/div>\n\t\t<div id=\"wpforms-289-field_3-container\" class=\"wpforms-field wpforms-field-textarea\" data-field-id=\"3\"><label class=\"wpforms-field-label\" for=\"wpforms-289-field_3\">Explica los detalles de tu comisi\u00f3n | Tell us about your commision <span class=\"wpforms-required-label\" aria-hidden=\"true\">*<\/span><\/label><textarea id=\"wpforms-289-field_3\" class=\"wpforms-field-medium wpforms-field-required\" name=\"wpforms[fields][3]\" aria-errormessage=\"wpforms-289-field_3-error\" required><\/textarea><\/div><script>\n\t\t\t\t( function() {\n\t\t\t\t\tconst style = document.createElement( 'style' );\n\t\t\t\t\tstyle.appendChild( document.createTextNode( '#wpforms-289-field_4-container { position: absolute !important; overflow: hidden !important; display: inline !important; height: 1px !important; width: 1px !important; z-index: -1000 !important; padding: 0 !important; } #wpforms-289-field_4-container input { visibility: hidden; } #wpforms-conversational-form-page #wpforms-289-field_4-container label { counter-increment: none; }' ) );\n\t\t\t\t\tdocument.head.appendChild( style );\n\t\t\t\t\tdocument.currentScript?.remove();\n\t\t\t\t} )();\n\t\t\t<\/script><\/div><!-- .wpforms-field-container --><div class=\"wpforms-submit-container\" ><input type=\"hidden\" name=\"wpforms[id]\" value=\"289\"><input type=\"hidden\" name=\"page_title\" value=\"\"><input type=\"hidden\" name=\"page_url\" value=\"https:\/\/rickwolfryd.com\/en\/wp-json\/wp\/v2\/product\/1455\"><input type=\"hidden\" name=\"url_referer\" value=\"\"><button type=\"submit\" name=\"wpforms[submit]\" id=\"wpforms-submit-289\" class=\"wpforms-submit\" data-alt-text=\"Enviando...\" data-submit-text=\"Send\" aria-live=\"assertive\" value=\"wpforms-submit\">Send<\/button><img decoding=\"async\" src=\"https:\/\/rickwolfryd.com\/wp-content\/plugins\/wpforms-lite\/assets\/images\/submit-spin.svg\" class=\"wpforms-submit-spinner\" style=\"display: none;\" width=\"26\" height=\"26\" alt=\"Loading\"><\/div><input type=\"hidden\" name=\"trp-form-language\" value=\"en\"\/><\/form><\/div>  <!-- .wpforms-container -->","protected":false},"excerpt":{"rendered":"<ul>\n<li class=\"_9ab89a9d\">\n<div class=\"_51822ac7 _3681075f\" data-tn=\"pdp-spec-title\">Creador:<\/div>\n<div class=\"_49da11ae _3681075f\" data-tn=\"pdp-spec-creador\"><span class=\"_fe6d36b6\" data-tn=\"pdp-spec-detail-creator\"><span class=\"_57a9be25\">CHROMA aka Rick Wolfryd<\/span>\u00a0(1953, Americana, Mexicano)<\/span><\/div>\n<\/li>\n<li class=\"_9ab89a9d\">\n<div class=\"_51822ac7 _3681075f\" data-tn=\"pdp-spec-title\">A\u00f1o de creaci\u00f3n:<\/div>\n<div class=\"_49da11ae _3681075f\" data-tn=\"pdp-spec-ano-de-creacion\"><span class=\"_fe6d36b6\" data-tn=\"pdp-spec-detail-dateOfManufacture\"><span class=\"_57a9be25\">2024<\/span><\/span><\/div>\n<\/li>\n<li class=\"_9ab89a9d\">\n<div class=\"_51822ac7 _3681075f\" data-tn=\"pdp-spec-title\">Dimensiones:<\/div>\n<div class=\"_49da11ae _3681075f\" data-tn=\"pdp-spec-dimensiones\">24&#215;24\u00a0 1\/100<\/div>\n<\/li>\n<li class=\"_9ab89a9d\">\n<div class=\"_51822ac7 _3681075f\" data-tn=\"pdp-spec-title\">Medio:<\/div>\n<div class=\"_49da11ae _3681075f\" data-tn=\"pdp-spec-medio\"><span class=\"_fe6d36b6\" data-tn=\"pdp-spec-detail-material\">T\u00e9cnica mixta<\/span><\/div>\n<\/li>\n<li class=\"_9ab89a9d\">\n<div class=\"_51822ac7 _3681075f\" data-tn=\"pdp-spec-title\">Movimiento y estilo:<\/div>\n<div class=\"_49da11ae _3681075f\" data-tn=\"pdp-spec-movimiento-y-estilo\"><span class=\"_fe6d36b6\" data-tn=\"pdp-spec-detail-style\">Arte pop<\/span><\/div>\n<\/li>\n<li class=\"_9ab89a9d\">\n<div class=\"_51822ac7 _3681075f\" data-tn=\"pdp-spec-title\">\u00c9poca:<\/div>\n<div class=\"_49da11ae _3681075f\" data-tn=\"pdp-spec-epoca\"><span class=\"_fe6d36b6\" data-tn=\"pdp-spec-detail-period\">2010-<\/span><\/div>\n<\/li>\n<\/ul>","protected":false},"featured_media":1456,"template":"","meta":[],"product_brand":[],"product_cat":[47,50,57,18],"product_tag":[40,41,42,61,66],"class_list":{"0":"post-1455","1":"product","2":"type-product","3":"status-publish","4":"has-post-thumbnail","6":"product_cat-flat-huichol-art-for-your-wall","7":"product_cat-huichol-pop-art","8":"product_cat-optical-huichol-fiber-pieces","9":"product_cat-sculptures","10":"product_tag-arte-huichol","11":"product_tag-huichol-art","12":"product_tag-pop-huichol-art","13":"product_tag-star-wars","14":"product_tag-street-art","16":"first","17":"outofstock","18":"taxable","19":"shipping-taxable","20":"purchasable","21":"product-type-simple"},"yoast_head":"<!-- This site is optimized with the Yoast SEO Premium plugin v22.1 (Yoast SEO v27.5) - https:\/\/yoast.com\/product\/yoast-seo-premium-wordpress\/ -->\n<title>&quot;Beatles - Gonna Carry That Wait&quot; | CHROMA aka Rick Wolfryd<\/title>\n<meta name=\"description\" content=\"Colaboraci\u00f3n entre Rick Wolfryd, artista pl\u00e1stico y marchante de arte con m\u00e1s de 40 a\u00f1os de experiencia, y varios artistas huicholes mexicanos\" \/>\n<meta name=\"robots\" content=\"index, follow, max-snippet:-1, max-image-preview:large, max-video-preview:-1\" \/>\n<link rel=\"canonical\" href=\"https:\/\/rickwolfryd.com\/en\/product\/chroma-aka-rick-wolfryd-beatles-gonna-carry-that-way\/\" \/>\n<meta property=\"og:locale\" content=\"en_US\" \/>\n<meta property=\"og:type\" content=\"article\" \/>\n<meta property=\"og:title\" content=\"CHROMA aka Rick Wolfryd | &quot;Beatles Gonna Carry That Wait&quot;\" \/>\n<meta property=\"og:description\" content=\"Colaboraci\u00f3n entre Rick Wolfryd, artista pl\u00e1stico y marchante de arte con m\u00e1s de 40 a\u00f1os de experiencia, y varios artistas huicholes mexicanos\" \/>\n<meta property=\"og:url\" content=\"https:\/\/rickwolfryd.com\/en\/product\/chroma-aka-rick-wolfryd-beatles-gonna-carry-that-way\/\" \/>\n<meta property=\"og:site_name\" content=\"Rick Wolfryd Shop\" \/>\n<meta property=\"article:publisher\" content=\"https:\/\/www.facebook.com\/rick.wolfryd\" \/>\n<meta property=\"article:modified_time\" content=\"2025-07-21T05:08:50+00:00\" \/>\n<meta property=\"og:image\" content=\"https:\/\/rickwolfryd.com\/wp-content\/uploads\/2024\/12\/IMG_1070-scaled.jpg\" \/>\n\t<meta property=\"og:image:width\" content=\"2553\" \/>\n\t<meta property=\"og:image:height\" content=\"2560\" \/>\n\t<meta property=\"og:image:type\" content=\"image\/jpeg\" \/>\n<meta name=\"twitter:card\" content=\"summary_large_image\" \/>\n<meta name=\"twitter:label1\" content=\"Price\" \/>\n\t<meta name=\"twitter:data1\" content=\"2,500.00&nbsp;USD\" \/>\n\t<meta name=\"twitter:label2\" content=\"Availability\" \/>\n\t<meta name=\"twitter:data2\" content=\"Out of stock\" \/>\n<script type=\"application\/ld+json\" class=\"yoast-schema-graph\">{\"@context\":\"https:\\\/\\\/schema.org\",\"@graph\":[{\"@type\":\"WebPage\",\"@id\":\"https:\\\/\\\/rickwolfryd.com\\\/producto\\\/chroma-aka-rick-wolfryd-beatles-gonna-carry-that-way\\\/\",\"url\":\"https:\\\/\\\/rickwolfryd.com\\\/producto\\\/chroma-aka-rick-wolfryd-beatles-gonna-carry-that-way\\\/\",\"name\":\"\\\"Beatles - Gonna Carry That Wait\\\" | CHROMA aka Rick Wolfryd\",\"isPartOf\":{\"@id\":\"https:\\\/\\\/rickwolfryd.com\\\/#website\"},\"primaryImageOfPage\":{\"@id\":\"https:\\\/\\\/rickwolfryd.com\\\/producto\\\/chroma-aka-rick-wolfryd-beatles-gonna-carry-that-way\\\/#primaryimage\"},\"image\":{\"@id\":\"https:\\\/\\\/rickwolfryd.com\\\/producto\\\/chroma-aka-rick-wolfryd-beatles-gonna-carry-that-way\\\/#primaryimage\"},\"thumbnailUrl\":\"https:\\\/\\\/rickwolfryd.com\\\/wp-content\\\/uploads\\\/2024\\\/12\\\/IMG_1070-scaled.jpg\",\"datePublished\":\"2024-12-24T20:26:10+00:00\",\"dateModified\":\"2025-07-21T05:08:50+00:00\",\"description\":\"Colaboraci\u00f3n entre Rick Wolfryd, artista pl\u00e1stico y marchante de arte con m\u00e1s de 40 a\u00f1os de experiencia, y varios artistas huicholes mexicanos\",\"breadcrumb\":{\"@id\":\"https:\\\/\\\/rickwolfryd.com\\\/producto\\\/chroma-aka-rick-wolfryd-beatles-gonna-carry-that-way\\\/#breadcrumb\"},\"inLanguage\":\"en-US\",\"potentialAction\":[{\"@type\":\"ReadAction\",\"target\":[\"https:\\\/\\\/rickwolfryd.com\\\/producto\\\/chroma-aka-rick-wolfryd-beatles-gonna-carry-that-way\\\/\"]}]},{\"@type\":\"ImageObject\",\"inLanguage\":\"en-US\",\"@id\":\"https:\\\/\\\/rickwolfryd.com\\\/producto\\\/chroma-aka-rick-wolfryd-beatles-gonna-carry-that-way\\\/#primaryimage\",\"url\":\"https:\\\/\\\/rickwolfryd.com\\\/wp-content\\\/uploads\\\/2024\\\/12\\\/IMG_1070-scaled.jpg\",\"contentUrl\":\"https:\\\/\\\/rickwolfryd.com\\\/wp-content\\\/uploads\\\/2024\\\/12\\\/IMG_1070-scaled.jpg\",\"width\":2553,\"height\":2560,\"caption\":\"CHROMA aka Rick Wolfryd \\\"Beatles - Gonna Carry That Wait\\\" de la Serie ALTERACIONES Huicholes 2024\"},{\"@type\":\"BreadcrumbList\",\"@id\":\"https:\\\/\\\/rickwolfryd.com\\\/producto\\\/chroma-aka-rick-wolfryd-beatles-gonna-carry-that-way\\\/#breadcrumb\",\"itemListElement\":[{\"@type\":\"ListItem\",\"position\":1,\"name\":\"Inicio\",\"item\":\"https:\\\/\\\/rickwolfryd.com\\\/\"},{\"@type\":\"ListItem\",\"position\":2,\"name\":\"Productos\",\"item\":\"https:\\\/\\\/rickwolfryd.com\\\/shop\\\/\"},{\"@type\":\"ListItem\",\"position\":3,\"name\":\"CHROMA aka Rick Wolfryd | &#8220;Beatles Gonna Carry That Wait&#8221;\"}]},{\"@type\":\"WebSite\",\"@id\":\"https:\\\/\\\/rickwolfryd.com\\\/#website\",\"url\":\"https:\\\/\\\/rickwolfryd.com\\\/\",\"name\":\"Rick Wolfryd | Chroma Official Shop\",\"description\":\"Art Shop\",\"publisher\":{\"@id\":\"https:\\\/\\\/rickwolfryd.com\\\/#organization\"},\"alternateName\":\"Chroma Official Shop\",\"potentialAction\":[{\"@type\":\"SearchAction\",\"target\":{\"@type\":\"EntryPoint\",\"urlTemplate\":\"https:\\\/\\\/rickwolfryd.com\\\/?s={search_term_string}\"},\"query-input\":{\"@type\":\"PropertyValueSpecification\",\"valueRequired\":true,\"valueName\":\"search_term_string\"}}],\"inLanguage\":\"en-US\"},{\"@type\":\"Organization\",\"@id\":\"https:\\\/\\\/rickwolfryd.com\\\/#organization\",\"name\":\"Rick Wolfryd | Chroma Official Shop\",\"url\":\"https:\\\/\\\/rickwolfryd.com\\\/\",\"logo\":{\"@type\":\"ImageObject\",\"inLanguage\":\"en-US\",\"@id\":\"https:\\\/\\\/rickwolfryd.com\\\/#\\\/schema\\\/logo\\\/image\\\/\",\"url\":\"https:\\\/\\\/rickwolfryd.com\\\/wp-content\\\/uploads\\\/2024\\\/11\\\/cropped-cropped-image09.png\",\"contentUrl\":\"https:\\\/\\\/rickwolfryd.com\\\/wp-content\\\/uploads\\\/2024\\\/11\\\/cropped-cropped-image09.png\",\"width\":219,\"height\":190,\"caption\":\"Rick Wolfryd | Chroma Official Shop\"},\"image\":{\"@id\":\"https:\\\/\\\/rickwolfryd.com\\\/#\\\/schema\\\/logo\\\/image\\\/\"},\"sameAs\":[\"https:\\\/\\\/www.facebook.com\\\/rick.wolfryd\",\"https:\\\/\\\/www.linkedin.com\\\/in\\\/rick-wolfryd-16897876\\\/\"]}]}<\/script>\n<meta property=\"product:price:amount\" content=\"2500.00\" \/>\n<meta property=\"product:price:currency\" content=\"USD\" \/>\n<meta property=\"og:availability\" content=\"out of stock\" \/>\n<meta property=\"product:availability\" content=\"out of stock\" \/>\n<meta property=\"product:condition\" content=\"new\" \/>\n<!-- \/ Yoast SEO Premium plugin. -->","yoast_head_json":{"title":"\"Beatles - Gonna Carry That Wait\" | CHROMA aka Rick Wolfryd","description":"Colaboraci\u00f3n entre Rick Wolfryd, artista pl\u00e1stico y marchante de arte con m\u00e1s de 40 a\u00f1os de experiencia, y varios artistas huicholes mexicanos","robots":{"index":"index","follow":"follow","max-snippet":"max-snippet:-1","max-image-preview":"max-image-preview:large","max-video-preview":"max-video-preview:-1"},"canonical":"https:\/\/rickwolfryd.com\/en\/product\/chroma-aka-rick-wolfryd-beatles-gonna-carry-that-way\/","og_locale":"en_US","og_type":"article","og_title":"CHROMA aka Rick Wolfryd | \"Beatles Gonna Carry That Wait\"","og_description":"Colaboraci\u00f3n entre Rick Wolfryd, artista pl\u00e1stico y marchante de arte con m\u00e1s de 40 a\u00f1os de experiencia, y varios artistas huicholes mexicanos","og_url":"https:\/\/rickwolfryd.com\/en\/product\/chroma-aka-rick-wolfryd-beatles-gonna-carry-that-way\/","og_site_name":"Rick Wolfryd Shop","article_publisher":"https:\/\/www.facebook.com\/rick.wolfryd","article_modified_time":"2025-07-21T05:08:50+00:00","og_image":[{"width":2553,"height":2560,"url":"https:\/\/rickwolfryd.com\/wp-content\/uploads\/2024\/12\/IMG_1070-scaled.jpg","type":"image\/jpeg"}],"twitter_card":"summary_large_image","twitter_misc":{"Price":"2,500.00&nbsp;USD","Availability":"Out of stock"},"schema":{"@context":"https:\/\/schema.org","@graph":[{"@type":"WebPage","@id":"https:\/\/rickwolfryd.com\/producto\/chroma-aka-rick-wolfryd-beatles-gonna-carry-that-way\/","url":"https:\/\/rickwolfryd.com\/producto\/chroma-aka-rick-wolfryd-beatles-gonna-carry-that-way\/","name":"\"Beatles - Gonna Carry That Wait\" | CHROMA aka Rick Wolfryd","isPartOf":{"@id":"https:\/\/rickwolfryd.com\/#website"},"primaryImageOfPage":{"@id":"https:\/\/rickwolfryd.com\/producto\/chroma-aka-rick-wolfryd-beatles-gonna-carry-that-way\/#primaryimage"},"image":{"@id":"https:\/\/rickwolfryd.com\/producto\/chroma-aka-rick-wolfryd-beatles-gonna-carry-that-way\/#primaryimage"},"thumbnailUrl":"https:\/\/rickwolfryd.com\/wp-content\/uploads\/2024\/12\/IMG_1070-scaled.jpg","datePublished":"2024-12-24T20:26:10+00:00","dateModified":"2025-07-21T05:08:50+00:00","description":"Colaboraci\u00f3n entre Rick Wolfryd, artista pl\u00e1stico y marchante de arte con m\u00e1s de 40 a\u00f1os de experiencia, y varios artistas huicholes mexicanos","breadcrumb":{"@id":"https:\/\/rickwolfryd.com\/producto\/chroma-aka-rick-wolfryd-beatles-gonna-carry-that-way\/#breadcrumb"},"inLanguage":"en-US","potentialAction":[{"@type":"ReadAction","target":["https:\/\/rickwolfryd.com\/producto\/chroma-aka-rick-wolfryd-beatles-gonna-carry-that-way\/"]}]},{"@type":"ImageObject","inLanguage":"en-US","@id":"https:\/\/rickwolfryd.com\/producto\/chroma-aka-rick-wolfryd-beatles-gonna-carry-that-way\/#primaryimage","url":"https:\/\/rickwolfryd.com\/wp-content\/uploads\/2024\/12\/IMG_1070-scaled.jpg","contentUrl":"https:\/\/rickwolfryd.com\/wp-content\/uploads\/2024\/12\/IMG_1070-scaled.jpg","width":2553,"height":2560,"caption":"CHROMA aka Rick Wolfryd \"Beatles - Gonna Carry That Wait\" de la Serie ALTERACIONES Huicholes 2024"},{"@type":"BreadcrumbList","@id":"https:\/\/rickwolfryd.com\/producto\/chroma-aka-rick-wolfryd-beatles-gonna-carry-that-way\/#breadcrumb","itemListElement":[{"@type":"ListItem","position":1,"name":"Inicio","item":"https:\/\/rickwolfryd.com\/"},{"@type":"ListItem","position":2,"name":"Productos","item":"https:\/\/rickwolfryd.com\/shop\/"},{"@type":"ListItem","position":3,"name":"CHROMA aka Rick Wolfryd | &#8220;Beatles Gonna Carry That Wait&#8221;"}]},{"@type":"WebSite","@id":"https:\/\/rickwolfryd.com\/#website","url":"https:\/\/rickwolfryd.com\/","name":"Rick Wolfryd | Chroma Official Shop","description":"Art Shop","publisher":{"@id":"https:\/\/rickwolfryd.com\/#organization"},"alternateName":"Chroma Official Shop","potentialAction":[{"@type":"SearchAction","target":{"@type":"EntryPoint","urlTemplate":"https:\/\/rickwolfryd.com\/?s={search_term_string}"},"query-input":{"@type":"PropertyValueSpecification","valueRequired":true,"valueName":"search_term_string"}}],"inLanguage":"en-US"},{"@type":"Organization","@id":"https:\/\/rickwolfryd.com\/#organization","name":"Rick Wolfryd | Chroma Official Shop","url":"https:\/\/rickwolfryd.com\/","logo":{"@type":"ImageObject","inLanguage":"en-US","@id":"https:\/\/rickwolfryd.com\/#\/schema\/logo\/image\/","url":"https:\/\/rickwolfryd.com\/wp-content\/uploads\/2024\/11\/cropped-cropped-image09.png","contentUrl":"https:\/\/rickwolfryd.com\/wp-content\/uploads\/2024\/11\/cropped-cropped-image09.png","width":219,"height":190,"caption":"Rick Wolfryd | Chroma Official Shop"},"image":{"@id":"https:\/\/rickwolfryd.com\/#\/schema\/logo\/image\/"},"sameAs":["https:\/\/www.facebook.com\/rick.wolfryd","https:\/\/www.linkedin.com\/in\/rick-wolfryd-16897876\/"]}]},"product_price_amount":"2500.00","product_price_currency":"USD","og_availability":"out of stock","product_availability":"out of stock","product_condition":"new"},"_links":{"self":[{"href":"https:\/\/rickwolfryd.com\/en\/wp-json\/wp\/v2\/product\/1455","targetHints":{"allow":["GET"]}}],"collection":[{"href":"https:\/\/rickwolfryd.com\/en\/wp-json\/wp\/v2\/product"}],"about":[{"href":"https:\/\/rickwolfryd.com\/en\/wp-json\/wp\/v2\/types\/product"}],"wp:featuredmedia":[{"embeddable":true,"href":"https:\/\/rickwolfryd.com\/en\/wp-json\/wp\/v2\/media\/1456"}],"wp:attachment":[{"href":"https:\/\/rickwolfryd.com\/en\/wp-json\/wp\/v2\/media?parent=1455"}],"wp:term":[{"taxonomy":"product_brand","embeddable":true,"href":"https:\/\/rickwolfryd.com\/en\/wp-json\/wp\/v2\/product_brand?post=1455"},{"taxonomy":"product_cat","embeddable":true,"href":"https:\/\/rickwolfryd.com\/en\/wp-json\/wp\/v2\/product_cat?post=1455"},{"taxonomy":"product_tag","embeddable":true,"href":"https:\/\/rickwolfryd.com\/en\/wp-json\/wp\/v2\/product_tag?post=1455"}],"curies":[{"name":"wp","href":"https:\/\/api.w.org\/{rel}","templated":true}]}}