{"id":1749,"date":"2025-03-21T18:14:33","date_gmt":"2025-03-21T18:14:33","guid":{"rendered":"https:\/\/rickwolfryd.com\/?post_type=product&#038;p=1749"},"modified":"2025-10-21T00:25:50","modified_gmt":"2025-10-21T00:25:50","slug":"after-botero-bronze-sculpture-horse","status":"publish","type":"product","link":"https:\/\/rickwolfryd.com\/en\/product\/after-botero-bronze-sculpture-horse\/","title":{"rendered":"After Botero | Bronze Sculpture Horse"},"content":{"rendered":"<p>Esta escultura AFTER BOTERO es una reproducci\u00f3n muy bella y fiel al estilo de la obra de BOTERO. La edici\u00f3n es 50 en n\u00fameros romanos. En La escultura de bronce tiene una p\u00e1tina oscura muy rica sobre una base de piedra. Por favor, ten en cuenta, de nuevo, que se trata de una pieza DESPU\u00c9S DEL BOTERO que no sali\u00f3 del taller del artista, lo que a\u00f1adir\u00eda unos 0 m\u00e1s al precio de venta, si as\u00ed fuera. Es un material muy parecido al AFTER WARHOL, AFTER DALI y AFTER PICASSO, etc. \u00a1\u00a1\u00a1Hecho a semejanza de las mejores obras de este artista!!!<\/p>","protected":false},"excerpt":{"rendered":"<ul class=\"_9415d43e\">\n<li class=\"_9ab89a9d\">\n<div class=\"_51822ac7 _3681075f\" data-tn=\"pdp-spec-title\">A\u00f1o de creaci\u00f3n:<\/div>\n<div class=\"_49da11ae _3681075f\" data-tn=\"pdp-spec-ano-de-creacion\"><span class=\"_fe6d36b6\" data-tn=\"pdp-spec-detail-dateOfManufacture\"><span class=\"_57a9be25\">2024<\/span><\/span><\/div>\n<\/li>\n<li class=\"_9ab89a9d\">\n<div class=\"_51822ac7 _3681075f\" data-tn=\"pdp-spec-title\">Dimensiones:<\/div>\n<div class=\"_49da11ae _3681075f\" data-tn=\"pdp-spec-dimensiones\"><span class=\"_fe6d36b6 _cb16180a\" data-tn=\"pdp-spec-detail-height\"><span class=\"_57a9be25\">Altura: 33,02 cm (13 in)<\/span><\/span><span class=\"_fe6d36b6 _cb16180a\" data-tn=\"pdp-spec-detail-width\"><span class=\"_57a9be25\">Anchura: 27,94 cm (11 in)<\/span><\/span><span class=\"_fe6d36b6\" data-tn=\"pdp-spec-detail-depth\"><span class=\"_57a9be25\">Profundidad: 21,59 cm (8,5 in)<\/span><\/span><\/div>\n<\/li>\n<li class=\"_9ab89a9d\">\n<div class=\"_51822ac7 _3681075f\" data-tn=\"pdp-spec-title\">Medio:<\/div>\n<div class=\"_49da11ae _3681075f\" data-tn=\"pdp-spec-medio\"><span class=\"_fe6d36b6 _cb16180a\" data-tn=\"pdp-spec-detail-material\">Bronce,<\/span><span class=\"_fe6d36b6\" data-tn=\"pdp-spec-detail-material\">M\u00e1rmol<\/span><\/div>\n<\/li>\n<li class=\"_9ab89a9d\">\n<div class=\"_51822ac7 _3681075f\" data-tn=\"pdp-spec-title\">Movimiento y estilo:<\/div>\n<div class=\"_49da11ae _3681075f\" data-tn=\"pdp-spec-movimiento-y-estilo\"><span class=\"_fe6d36b6\" data-tn=\"pdp-spec-detail-style\">Contempor\u00e1neo<\/span><\/div>\n<\/li>\n<\/ul>","protected":false},"featured_media":1755,"template":"","meta":[],"product_brand":[],"product_cat":[46,18],"product_tag":[73,74],"class_list":{"0":"post-1749","1":"product","2":"type-product","3":"status-publish","4":"has-post-thumbnail","6":"product_cat-fernando-botero-art-pieces","7":"product_cat-sculptures","8":"product_tag-after-botero","9":"product_tag-despues-de-botero","11":"first","12":"instock","13":"purchasable","14":"product-type-simple"},"yoast_head":"<!-- This site is optimized with the Yoast SEO Premium plugin v22.1 (Yoast SEO v27.5) - https:\/\/yoast.com\/product\/yoast-seo-premium-wordpress\/ -->\n<title>After Botero Escultura<\/title>\n<meta name=\"description\" content=\"Esta escultura AFTER BOTERO es una reproducci\u00f3n muy bella y fiel al estilo de la obra de BOTERO. La edici\u00f3n es 50 en n\u00fameros romanos.\" \/>\n<meta name=\"robots\" content=\"index, follow, max-snippet:-1, max-image-preview:large, max-video-preview:-1\" \/>\n<link rel=\"canonical\" href=\"https:\/\/rickwolfryd.com\/en\/product\/after-botero-bronze-sculpture-horse\/\" \/>\n<meta property=\"og:locale\" content=\"en_US\" \/>\n<meta property=\"og:type\" content=\"article\" \/>\n<meta property=\"og:title\" content=\"After Botero | Bronze Sculpture Horse\" \/>\n<meta property=\"og:description\" content=\"Esta escultura AFTER BOTERO es una reproducci\u00f3n muy bella y fiel al estilo de la obra de BOTERO. La edici\u00f3n es 50 en n\u00fameros romanos.\" \/>\n<meta property=\"og:url\" content=\"https:\/\/rickwolfryd.com\/en\/product\/after-botero-bronze-sculpture-horse\/\" \/>\n<meta property=\"og:site_name\" content=\"Rick Wolfryd Shop\" \/>\n<meta property=\"article:publisher\" content=\"https:\/\/www.facebook.com\/rick.wolfryd\" \/>\n<meta property=\"article:modified_time\" content=\"2025-10-21T00:25:50+00:00\" \/>\n<meta property=\"og:image\" content=\"https:\/\/rickwolfryd.com\/wp-content\/uploads\/2025\/03\/IMG_20221002_WA0008_2_master.webp\" \/>\n\t<meta property=\"og:image:width\" content=\"700\" \/>\n\t<meta property=\"og:image:height\" content=\"964\" \/>\n\t<meta property=\"og:image:type\" content=\"image\/webp\" \/>\n<meta name=\"twitter:card\" content=\"summary_large_image\" \/>\n<meta name=\"twitter:label1\" content=\"Price\" \/>\n\t<meta name=\"twitter:data1\" content=\"1,900.00&nbsp;USD\" \/>\n\t<meta name=\"twitter:label2\" content=\"Availability\" \/>\n\t<meta name=\"twitter:data2\" content=\"In stock\" \/>\n<script type=\"application\/ld+json\" class=\"yoast-schema-graph\">{\"@context\":\"https:\\\/\\\/schema.org\",\"@graph\":[{\"@type\":\"WebPage\",\"@id\":\"https:\\\/\\\/rickwolfryd.com\\\/producto\\\/after-botero-bronze-sculpture-horse\\\/\",\"url\":\"https:\\\/\\\/rickwolfryd.com\\\/producto\\\/after-botero-bronze-sculpture-horse\\\/\",\"name\":\"After Botero Escultura\",\"isPartOf\":{\"@id\":\"https:\\\/\\\/rickwolfryd.com\\\/#website\"},\"primaryImageOfPage\":{\"@id\":\"https:\\\/\\\/rickwolfryd.com\\\/producto\\\/after-botero-bronze-sculpture-horse\\\/#primaryimage\"},\"image\":{\"@id\":\"https:\\\/\\\/rickwolfryd.com\\\/producto\\\/after-botero-bronze-sculpture-horse\\\/#primaryimage\"},\"thumbnailUrl\":\"https:\\\/\\\/rickwolfryd.com\\\/wp-content\\\/uploads\\\/2025\\\/03\\\/IMG_20221002_WA0008_2_master.webp\",\"datePublished\":\"2025-03-21T18:14:33+00:00\",\"dateModified\":\"2025-10-21T00:25:50+00:00\",\"description\":\"Esta escultura AFTER BOTERO es una reproducci\u00f3n muy bella y fiel al estilo de la obra de BOTERO. La edici\u00f3n es 50 en n\u00fameros romanos.\",\"breadcrumb\":{\"@id\":\"https:\\\/\\\/rickwolfryd.com\\\/producto\\\/after-botero-bronze-sculpture-horse\\\/#breadcrumb\"},\"inLanguage\":\"en-US\",\"potentialAction\":[{\"@type\":\"ReadAction\",\"target\":[\"https:\\\/\\\/rickwolfryd.com\\\/producto\\\/after-botero-bronze-sculpture-horse\\\/\"]}]},{\"@type\":\"ImageObject\",\"inLanguage\":\"en-US\",\"@id\":\"https:\\\/\\\/rickwolfryd.com\\\/producto\\\/after-botero-bronze-sculpture-horse\\\/#primaryimage\",\"url\":\"https:\\\/\\\/rickwolfryd.com\\\/wp-content\\\/uploads\\\/2025\\\/03\\\/IMG_20221002_WA0008_2_master.webp\",\"contentUrl\":\"https:\\\/\\\/rickwolfryd.com\\\/wp-content\\\/uploads\\\/2025\\\/03\\\/IMG_20221002_WA0008_2_master.webp\",\"width\":700,\"height\":964,\"caption\":\"after botero\"},{\"@type\":\"BreadcrumbList\",\"@id\":\"https:\\\/\\\/rickwolfryd.com\\\/producto\\\/after-botero-bronze-sculpture-horse\\\/#breadcrumb\",\"itemListElement\":[{\"@type\":\"ListItem\",\"position\":1,\"name\":\"Inicio\",\"item\":\"https:\\\/\\\/rickwolfryd.com\\\/\"},{\"@type\":\"ListItem\",\"position\":2,\"name\":\"Productos\",\"item\":\"https:\\\/\\\/rickwolfryd.com\\\/shop\\\/\"},{\"@type\":\"ListItem\",\"position\":3,\"name\":\"After Botero | Bronze Sculpture Horse\"}]},{\"@type\":\"WebSite\",\"@id\":\"https:\\\/\\\/rickwolfryd.com\\\/#website\",\"url\":\"https:\\\/\\\/rickwolfryd.com\\\/\",\"name\":\"Rick Wolfryd | Chroma Official Shop\",\"description\":\"Art Shop\",\"publisher\":{\"@id\":\"https:\\\/\\\/rickwolfryd.com\\\/#organization\"},\"alternateName\":\"Chroma Official Shop\",\"potentialAction\":[{\"@type\":\"SearchAction\",\"target\":{\"@type\":\"EntryPoint\",\"urlTemplate\":\"https:\\\/\\\/rickwolfryd.com\\\/?s={search_term_string}\"},\"query-input\":{\"@type\":\"PropertyValueSpecification\",\"valueRequired\":true,\"valueName\":\"search_term_string\"}}],\"inLanguage\":\"en-US\"},{\"@type\":\"Organization\",\"@id\":\"https:\\\/\\\/rickwolfryd.com\\\/#organization\",\"name\":\"Rick Wolfryd | Chroma Official Shop\",\"url\":\"https:\\\/\\\/rickwolfryd.com\\\/\",\"logo\":{\"@type\":\"ImageObject\",\"inLanguage\":\"en-US\",\"@id\":\"https:\\\/\\\/rickwolfryd.com\\\/#\\\/schema\\\/logo\\\/image\\\/\",\"url\":\"https:\\\/\\\/rickwolfryd.com\\\/wp-content\\\/uploads\\\/2024\\\/11\\\/cropped-cropped-image09.png\",\"contentUrl\":\"https:\\\/\\\/rickwolfryd.com\\\/wp-content\\\/uploads\\\/2024\\\/11\\\/cropped-cropped-image09.png\",\"width\":219,\"height\":190,\"caption\":\"Rick Wolfryd | Chroma Official Shop\"},\"image\":{\"@id\":\"https:\\\/\\\/rickwolfryd.com\\\/#\\\/schema\\\/logo\\\/image\\\/\"},\"sameAs\":[\"https:\\\/\\\/www.facebook.com\\\/rick.wolfryd\",\"https:\\\/\\\/www.linkedin.com\\\/in\\\/rick-wolfryd-16897876\\\/\"]}]}<\/script>\n<meta property=\"product:price:amount\" content=\"1900.00\" \/>\n<meta property=\"product:price:currency\" content=\"USD\" \/>\n<meta property=\"og:availability\" content=\"instock\" \/>\n<meta property=\"product:availability\" content=\"instock\" \/>\n<meta property=\"product:condition\" content=\"new\" \/>\n<!-- \/ Yoast SEO Premium plugin. -->","yoast_head_json":{"title":"After Botero Escultura","description":"Esta escultura AFTER BOTERO es una reproducci\u00f3n muy bella y fiel al estilo de la obra de BOTERO. La edici\u00f3n es 50 en n\u00fameros romanos.","robots":{"index":"index","follow":"follow","max-snippet":"max-snippet:-1","max-image-preview":"max-image-preview:large","max-video-preview":"max-video-preview:-1"},"canonical":"https:\/\/rickwolfryd.com\/en\/product\/after-botero-bronze-sculpture-horse\/","og_locale":"en_US","og_type":"article","og_title":"After Botero | Bronze Sculpture Horse","og_description":"Esta escultura AFTER BOTERO es una reproducci\u00f3n muy bella y fiel al estilo de la obra de BOTERO. La edici\u00f3n es 50 en n\u00fameros romanos.","og_url":"https:\/\/rickwolfryd.com\/en\/product\/after-botero-bronze-sculpture-horse\/","og_site_name":"Rick Wolfryd Shop","article_publisher":"https:\/\/www.facebook.com\/rick.wolfryd","article_modified_time":"2025-10-21T00:25:50+00:00","og_image":[{"width":700,"height":964,"url":"https:\/\/rickwolfryd.com\/wp-content\/uploads\/2025\/03\/IMG_20221002_WA0008_2_master.webp","type":"image\/webp"}],"twitter_card":"summary_large_image","twitter_misc":{"Price":"1,900.00&nbsp;USD","Availability":"In stock"},"schema":{"@context":"https:\/\/schema.org","@graph":[{"@type":"WebPage","@id":"https:\/\/rickwolfryd.com\/producto\/after-botero-bronze-sculpture-horse\/","url":"https:\/\/rickwolfryd.com\/producto\/after-botero-bronze-sculpture-horse\/","name":"After Botero Escultura","isPartOf":{"@id":"https:\/\/rickwolfryd.com\/#website"},"primaryImageOfPage":{"@id":"https:\/\/rickwolfryd.com\/producto\/after-botero-bronze-sculpture-horse\/#primaryimage"},"image":{"@id":"https:\/\/rickwolfryd.com\/producto\/after-botero-bronze-sculpture-horse\/#primaryimage"},"thumbnailUrl":"https:\/\/rickwolfryd.com\/wp-content\/uploads\/2025\/03\/IMG_20221002_WA0008_2_master.webp","datePublished":"2025-03-21T18:14:33+00:00","dateModified":"2025-10-21T00:25:50+00:00","description":"Esta escultura AFTER BOTERO es una reproducci\u00f3n muy bella y fiel al estilo de la obra de BOTERO. La edici\u00f3n es 50 en n\u00fameros romanos.","breadcrumb":{"@id":"https:\/\/rickwolfryd.com\/producto\/after-botero-bronze-sculpture-horse\/#breadcrumb"},"inLanguage":"en-US","potentialAction":[{"@type":"ReadAction","target":["https:\/\/rickwolfryd.com\/producto\/after-botero-bronze-sculpture-horse\/"]}]},{"@type":"ImageObject","inLanguage":"en-US","@id":"https:\/\/rickwolfryd.com\/producto\/after-botero-bronze-sculpture-horse\/#primaryimage","url":"https:\/\/rickwolfryd.com\/wp-content\/uploads\/2025\/03\/IMG_20221002_WA0008_2_master.webp","contentUrl":"https:\/\/rickwolfryd.com\/wp-content\/uploads\/2025\/03\/IMG_20221002_WA0008_2_master.webp","width":700,"height":964,"caption":"after botero"},{"@type":"BreadcrumbList","@id":"https:\/\/rickwolfryd.com\/producto\/after-botero-bronze-sculpture-horse\/#breadcrumb","itemListElement":[{"@type":"ListItem","position":1,"name":"Inicio","item":"https:\/\/rickwolfryd.com\/"},{"@type":"ListItem","position":2,"name":"Productos","item":"https:\/\/rickwolfryd.com\/shop\/"},{"@type":"ListItem","position":3,"name":"After Botero | Bronze Sculpture Horse"}]},{"@type":"WebSite","@id":"https:\/\/rickwolfryd.com\/#website","url":"https:\/\/rickwolfryd.com\/","name":"Rick Wolfryd | Chroma Official Shop","description":"Art Shop","publisher":{"@id":"https:\/\/rickwolfryd.com\/#organization"},"alternateName":"Chroma Official Shop","potentialAction":[{"@type":"SearchAction","target":{"@type":"EntryPoint","urlTemplate":"https:\/\/rickwolfryd.com\/?s={search_term_string}"},"query-input":{"@type":"PropertyValueSpecification","valueRequired":true,"valueName":"search_term_string"}}],"inLanguage":"en-US"},{"@type":"Organization","@id":"https:\/\/rickwolfryd.com\/#organization","name":"Rick Wolfryd | Chroma Official Shop","url":"https:\/\/rickwolfryd.com\/","logo":{"@type":"ImageObject","inLanguage":"en-US","@id":"https:\/\/rickwolfryd.com\/#\/schema\/logo\/image\/","url":"https:\/\/rickwolfryd.com\/wp-content\/uploads\/2024\/11\/cropped-cropped-image09.png","contentUrl":"https:\/\/rickwolfryd.com\/wp-content\/uploads\/2024\/11\/cropped-cropped-image09.png","width":219,"height":190,"caption":"Rick Wolfryd | Chroma Official Shop"},"image":{"@id":"https:\/\/rickwolfryd.com\/#\/schema\/logo\/image\/"},"sameAs":["https:\/\/www.facebook.com\/rick.wolfryd","https:\/\/www.linkedin.com\/in\/rick-wolfryd-16897876\/"]}]},"product_price_amount":"1900.00","product_price_currency":"USD","og_availability":"instock","product_availability":"instock","product_condition":"new"},"_links":{"self":[{"href":"https:\/\/rickwolfryd.com\/en\/wp-json\/wp\/v2\/product\/1749","targetHints":{"allow":["GET"]}}],"collection":[{"href":"https:\/\/rickwolfryd.com\/en\/wp-json\/wp\/v2\/product"}],"about":[{"href":"https:\/\/rickwolfryd.com\/en\/wp-json\/wp\/v2\/types\/product"}],"wp:featuredmedia":[{"embeddable":true,"href":"https:\/\/rickwolfryd.com\/en\/wp-json\/wp\/v2\/media\/1755"}],"wp:attachment":[{"href":"https:\/\/rickwolfryd.com\/en\/wp-json\/wp\/v2\/media?parent=1749"}],"wp:term":[{"taxonomy":"product_brand","embeddable":true,"href":"https:\/\/rickwolfryd.com\/en\/wp-json\/wp\/v2\/product_brand?post=1749"},{"taxonomy":"product_cat","embeddable":true,"href":"https:\/\/rickwolfryd.com\/en\/wp-json\/wp\/v2\/product_cat?post=1749"},{"taxonomy":"product_tag","embeddable":true,"href":"https:\/\/rickwolfryd.com\/en\/wp-json\/wp\/v2\/product_tag?post=1749"}],"curies":[{"name":"wp","href":"https:\/\/api.w.org\/{rel}","templated":true}]}}