{"id":1829,"date":"2025-05-12T23:16:38","date_gmt":"2025-05-12T23:16:38","guid":{"rendered":"https:\/\/rickwolfryd.com\/?post_type=product&#038;p=1829"},"modified":"2025-10-21T00:28:41","modified_gmt":"2025-10-21T00:28:41","slug":"red-after-kaws-2025-chroma-aka-rick-wolfryd","status":"publish","type":"product","link":"https:\/\/rickwolfryd.com\/en\/product\/red-after-kaws-2025-chroma-aka-rick-wolfryd\/","title":{"rendered":"CHROMA aka Rick Wolfryd | Red After Kaws Speaker 2025"},"content":{"rendered":"<p class=\"\" data-start=\"60\" data-end=\"82\"><strong data-start=\"60\" data-end=\"82\">ARTE DE ALTERACI\u00d3N<\/strong><\/p>\n<p class=\"\" data-start=\"84\" data-end=\"809\">&#8220;Arte de Alteraci\u00f3n&#8221; es un proyecto de colaboraci\u00f3n entre Rick Wolfryd, un artista y marchante con m\u00e1s de 40 a\u00f1os de experiencia, y varios artistas huicholes mexicanos, surgido tras m\u00e1s de 10 a\u00f1os viviendo en M\u00e9xico. Rick se especializa en crear obras de arte coleccionables utilizando abalorios de vidrio huicholes, combinando su experiencia en pixelizaci\u00f3n digital con la geometr\u00eda y patrones de puntos. Su trabajo actual se refiere a las &#8220;Cuentas de vidrio con esteroides para 2023&#8221;, una evoluci\u00f3n de sus experimentos previos con arte abstracto y pixelado. El proyecto busca apoyar a la comunidad huichol, ayud\u00e1ndola a crecer y ser m\u00e1s reconocida en el mundo del arte. \u00a1Rick est\u00e1 siempre abierto a encargos personalizados!<\/p>\n<p class=\"\" data-start=\"54\" data-end=\"75\"><strong data-start=\"54\" data-end=\"75\">ART OF ALTERATION<\/strong><\/p>\n<p class=\"\" data-start=\"77\" data-end=\"750\">&#8220;Art of Alteration&#8221; is a collaborative project between Rick Wolfryd, an artist and art dealer with over 40 years of experience, and several Mexican Huichol artists, inspired by his more than 10 years living in Mexico. Rick specializes in creating collectible artwork using Huichol glass beads, blending his experience in digital pixelation with geometry and dot patterns. His current work, referred to as &#8220;Steroid Glass Beads for 2023,&#8221; is an evolution of his previous experiments with abstract and pixelated art. The project aims to support the Huichol community, helping it grow and gain more recognition in the art world. Rick is always open to personalized commissions!<\/p>","protected":false},"excerpt":{"rendered":"<p>ARTE DE ALTERACI\u00d3N &#8220;Arte de Alteraci\u00f3n&#8221; es un proyecto de colaboraci\u00f3n entre Rick Wolfryd, un artista y marchante con m\u00e1s de 40 a\u00f1os de experiencia, y varios artistas huicholes mexicanos, surgido tras m\u00e1s de 10 a\u00f1os viviendo en M\u00e9xico. Rick se especializa en crear obras de arte coleccionables utilizando abalorios de vidrio huicholes, combinando su [&hellip;]<\/p>","protected":false},"featured_media":1831,"template":"","meta":[],"product_brand":[],"product_cat":[50,18],"product_tag":[40,41,68,42,66],"class_list":{"0":"post-1829","1":"product","2":"type-product","3":"status-publish","4":"has-post-thumbnail","6":"product_cat-huichol-pop-art","7":"product_cat-sculptures","8":"product_tag-arte-huichol","9":"product_tag-huichol-art","10":"product_tag-kaws","11":"product_tag-pop-huichol-art","12":"product_tag-street-art","14":"first","15":"instock","16":"taxable","17":"shipping-taxable","18":"purchasable","19":"product-type-simple"},"yoast_head":"<!-- This site is optimized with the Yoast SEO Premium plugin v22.1 (Yoast SEO v27.5) - https:\/\/yoast.com\/product\/yoast-seo-premium-wordpress\/ -->\n<title>CHROMA aka Rick Wolfryd After Kaws 2025 | Rick Wolfryd Shop<\/title>\n<meta name=\"description\" content=\"Colaboraci\u00f3n entre Rick Wolfryd, artista pl\u00e1stico y marchante de arte con m\u00e1s de 40 a\u00f1os de experiencia, y varios artistas huicholes mexicanos\" \/>\n<meta name=\"robots\" content=\"index, follow, max-snippet:-1, max-image-preview:large, max-video-preview:-1\" \/>\n<link rel=\"canonical\" href=\"https:\/\/rickwolfryd.com\/en\/product\/red-after-kaws-2025-chroma-aka-rick-wolfryd\/\" \/>\n<meta property=\"og:locale\" content=\"en_US\" \/>\n<meta property=\"og:type\" content=\"article\" \/>\n<meta property=\"og:title\" content=\"CHROMA aka Rick Wolfryd | Red After Kaws Speaker 2025\" \/>\n<meta property=\"og:description\" content=\"Colaboraci\u00f3n entre Rick Wolfryd, artista pl\u00e1stico y marchante de arte con m\u00e1s de 40 a\u00f1os de experiencia, y varios artistas huicholes mexicanos\" \/>\n<meta property=\"og:url\" content=\"https:\/\/rickwolfryd.com\/en\/product\/red-after-kaws-2025-chroma-aka-rick-wolfryd\/\" \/>\n<meta property=\"og:site_name\" content=\"Rick Wolfryd Shop\" \/>\n<meta property=\"article:publisher\" content=\"https:\/\/www.facebook.com\/rick.wolfryd\" \/>\n<meta property=\"article:modified_time\" content=\"2025-10-21T00:28:41+00:00\" \/>\n<meta property=\"og:image\" content=\"https:\/\/rickwolfryd.com\/wp-content\/uploads\/2025\/05\/IMG_3767-scaled.jpg\" \/>\n\t<meta property=\"og:image:width\" content=\"1707\" \/>\n\t<meta property=\"og:image:height\" content=\"2560\" \/>\n\t<meta property=\"og:image:type\" content=\"image\/jpeg\" \/>\n<meta name=\"twitter:card\" content=\"summary_large_image\" \/>\n<meta name=\"twitter:label1\" content=\"Price\" \/>\n\t<meta name=\"twitter:data1\" content=\"3,500.00&nbsp;USD\" \/>\n\t<meta name=\"twitter:label2\" content=\"Availability\" \/>\n\t<meta name=\"twitter:data2\" content=\"In stock\" \/>\n<script type=\"application\/ld+json\" class=\"yoast-schema-graph\">{\"@context\":\"https:\\\/\\\/schema.org\",\"@graph\":[{\"@type\":\"WebPage\",\"@id\":\"https:\\\/\\\/rickwolfryd.com\\\/producto\\\/red-after-kaws-2025-chroma-aka-rick-wolfryd\\\/\",\"url\":\"https:\\\/\\\/rickwolfryd.com\\\/producto\\\/red-after-kaws-2025-chroma-aka-rick-wolfryd\\\/\",\"name\":\"CHROMA aka Rick Wolfryd After Kaws 2025 | Rick Wolfryd Shop\",\"isPartOf\":{\"@id\":\"https:\\\/\\\/rickwolfryd.com\\\/#website\"},\"primaryImageOfPage\":{\"@id\":\"https:\\\/\\\/rickwolfryd.com\\\/producto\\\/red-after-kaws-2025-chroma-aka-rick-wolfryd\\\/#primaryimage\"},\"image\":{\"@id\":\"https:\\\/\\\/rickwolfryd.com\\\/producto\\\/red-after-kaws-2025-chroma-aka-rick-wolfryd\\\/#primaryimage\"},\"thumbnailUrl\":\"https:\\\/\\\/rickwolfryd.com\\\/wp-content\\\/uploads\\\/2025\\\/05\\\/IMG_3767-scaled.jpg\",\"datePublished\":\"2025-05-12T23:16:38+00:00\",\"dateModified\":\"2025-10-21T00:28:41+00:00\",\"description\":\"Colaboraci\u00f3n entre Rick Wolfryd, artista pl\u00e1stico y marchante de arte con m\u00e1s de 40 a\u00f1os de experiencia, y varios artistas huicholes mexicanos\",\"breadcrumb\":{\"@id\":\"https:\\\/\\\/rickwolfryd.com\\\/producto\\\/red-after-kaws-2025-chroma-aka-rick-wolfryd\\\/#breadcrumb\"},\"inLanguage\":\"en-US\",\"potentialAction\":[{\"@type\":\"ReadAction\",\"target\":[\"https:\\\/\\\/rickwolfryd.com\\\/producto\\\/red-after-kaws-2025-chroma-aka-rick-wolfryd\\\/\"]}]},{\"@type\":\"ImageObject\",\"inLanguage\":\"en-US\",\"@id\":\"https:\\\/\\\/rickwolfryd.com\\\/producto\\\/red-after-kaws-2025-chroma-aka-rick-wolfryd\\\/#primaryimage\",\"url\":\"https:\\\/\\\/rickwolfryd.com\\\/wp-content\\\/uploads\\\/2025\\\/05\\\/IMG_3767-scaled.jpg\",\"contentUrl\":\"https:\\\/\\\/rickwolfryd.com\\\/wp-content\\\/uploads\\\/2025\\\/05\\\/IMG_3767-scaled.jpg\",\"width\":1707,\"height\":2560,\"caption\":\"after kaws\"},{\"@type\":\"BreadcrumbList\",\"@id\":\"https:\\\/\\\/rickwolfryd.com\\\/producto\\\/red-after-kaws-2025-chroma-aka-rick-wolfryd\\\/#breadcrumb\",\"itemListElement\":[{\"@type\":\"ListItem\",\"position\":1,\"name\":\"Inicio\",\"item\":\"https:\\\/\\\/rickwolfryd.com\\\/\"},{\"@type\":\"ListItem\",\"position\":2,\"name\":\"Productos\",\"item\":\"https:\\\/\\\/rickwolfryd.com\\\/shop\\\/\"},{\"@type\":\"ListItem\",\"position\":3,\"name\":\"CHROMA aka Rick Wolfryd | Red After Kaws Speaker 2025\"}]},{\"@type\":\"WebSite\",\"@id\":\"https:\\\/\\\/rickwolfryd.com\\\/#website\",\"url\":\"https:\\\/\\\/rickwolfryd.com\\\/\",\"name\":\"Rick Wolfryd | Chroma Official Shop\",\"description\":\"Art Shop\",\"publisher\":{\"@id\":\"https:\\\/\\\/rickwolfryd.com\\\/#organization\"},\"alternateName\":\"Chroma Official Shop\",\"potentialAction\":[{\"@type\":\"SearchAction\",\"target\":{\"@type\":\"EntryPoint\",\"urlTemplate\":\"https:\\\/\\\/rickwolfryd.com\\\/?s={search_term_string}\"},\"query-input\":{\"@type\":\"PropertyValueSpecification\",\"valueRequired\":true,\"valueName\":\"search_term_string\"}}],\"inLanguage\":\"en-US\"},{\"@type\":\"Organization\",\"@id\":\"https:\\\/\\\/rickwolfryd.com\\\/#organization\",\"name\":\"Rick Wolfryd | Chroma Official Shop\",\"url\":\"https:\\\/\\\/rickwolfryd.com\\\/\",\"logo\":{\"@type\":\"ImageObject\",\"inLanguage\":\"en-US\",\"@id\":\"https:\\\/\\\/rickwolfryd.com\\\/#\\\/schema\\\/logo\\\/image\\\/\",\"url\":\"https:\\\/\\\/rickwolfryd.com\\\/wp-content\\\/uploads\\\/2024\\\/11\\\/cropped-cropped-image09.png\",\"contentUrl\":\"https:\\\/\\\/rickwolfryd.com\\\/wp-content\\\/uploads\\\/2024\\\/11\\\/cropped-cropped-image09.png\",\"width\":219,\"height\":190,\"caption\":\"Rick Wolfryd | Chroma Official Shop\"},\"image\":{\"@id\":\"https:\\\/\\\/rickwolfryd.com\\\/#\\\/schema\\\/logo\\\/image\\\/\"},\"sameAs\":[\"https:\\\/\\\/www.facebook.com\\\/rick.wolfryd\",\"https:\\\/\\\/www.linkedin.com\\\/in\\\/rick-wolfryd-16897876\\\/\"]}]}<\/script>\n<meta property=\"product:price:amount\" content=\"3500.00\" \/>\n<meta property=\"product:price:currency\" content=\"USD\" \/>\n<meta property=\"og:availability\" content=\"instock\" \/>\n<meta property=\"product:availability\" content=\"instock\" \/>\n<meta property=\"product:condition\" content=\"new\" \/>\n<!-- \/ Yoast SEO Premium plugin. -->","yoast_head_json":{"title":"CHROMA aka Rick Wolfryd After Kaws 2025 | Rick Wolfryd Shop","description":"Colaboraci\u00f3n entre Rick Wolfryd, artista pl\u00e1stico y marchante de arte con m\u00e1s de 40 a\u00f1os de experiencia, y varios artistas huicholes mexicanos","robots":{"index":"index","follow":"follow","max-snippet":"max-snippet:-1","max-image-preview":"max-image-preview:large","max-video-preview":"max-video-preview:-1"},"canonical":"https:\/\/rickwolfryd.com\/en\/product\/red-after-kaws-2025-chroma-aka-rick-wolfryd\/","og_locale":"en_US","og_type":"article","og_title":"CHROMA aka Rick Wolfryd | Red After Kaws Speaker 2025","og_description":"Colaboraci\u00f3n entre Rick Wolfryd, artista pl\u00e1stico y marchante de arte con m\u00e1s de 40 a\u00f1os de experiencia, y varios artistas huicholes mexicanos","og_url":"https:\/\/rickwolfryd.com\/en\/product\/red-after-kaws-2025-chroma-aka-rick-wolfryd\/","og_site_name":"Rick Wolfryd Shop","article_publisher":"https:\/\/www.facebook.com\/rick.wolfryd","article_modified_time":"2025-10-21T00:28:41+00:00","og_image":[{"width":1707,"height":2560,"url":"https:\/\/rickwolfryd.com\/wp-content\/uploads\/2025\/05\/IMG_3767-scaled.jpg","type":"image\/jpeg"}],"twitter_card":"summary_large_image","twitter_misc":{"Price":"3,500.00&nbsp;USD","Availability":"In stock"},"schema":{"@context":"https:\/\/schema.org","@graph":[{"@type":"WebPage","@id":"https:\/\/rickwolfryd.com\/producto\/red-after-kaws-2025-chroma-aka-rick-wolfryd\/","url":"https:\/\/rickwolfryd.com\/producto\/red-after-kaws-2025-chroma-aka-rick-wolfryd\/","name":"CHROMA aka Rick Wolfryd After Kaws 2025 | Rick Wolfryd Shop","isPartOf":{"@id":"https:\/\/rickwolfryd.com\/#website"},"primaryImageOfPage":{"@id":"https:\/\/rickwolfryd.com\/producto\/red-after-kaws-2025-chroma-aka-rick-wolfryd\/#primaryimage"},"image":{"@id":"https:\/\/rickwolfryd.com\/producto\/red-after-kaws-2025-chroma-aka-rick-wolfryd\/#primaryimage"},"thumbnailUrl":"https:\/\/rickwolfryd.com\/wp-content\/uploads\/2025\/05\/IMG_3767-scaled.jpg","datePublished":"2025-05-12T23:16:38+00:00","dateModified":"2025-10-21T00:28:41+00:00","description":"Colaboraci\u00f3n entre Rick Wolfryd, artista pl\u00e1stico y marchante de arte con m\u00e1s de 40 a\u00f1os de experiencia, y varios artistas huicholes mexicanos","breadcrumb":{"@id":"https:\/\/rickwolfryd.com\/producto\/red-after-kaws-2025-chroma-aka-rick-wolfryd\/#breadcrumb"},"inLanguage":"en-US","potentialAction":[{"@type":"ReadAction","target":["https:\/\/rickwolfryd.com\/producto\/red-after-kaws-2025-chroma-aka-rick-wolfryd\/"]}]},{"@type":"ImageObject","inLanguage":"en-US","@id":"https:\/\/rickwolfryd.com\/producto\/red-after-kaws-2025-chroma-aka-rick-wolfryd\/#primaryimage","url":"https:\/\/rickwolfryd.com\/wp-content\/uploads\/2025\/05\/IMG_3767-scaled.jpg","contentUrl":"https:\/\/rickwolfryd.com\/wp-content\/uploads\/2025\/05\/IMG_3767-scaled.jpg","width":1707,"height":2560,"caption":"after kaws"},{"@type":"BreadcrumbList","@id":"https:\/\/rickwolfryd.com\/producto\/red-after-kaws-2025-chroma-aka-rick-wolfryd\/#breadcrumb","itemListElement":[{"@type":"ListItem","position":1,"name":"Inicio","item":"https:\/\/rickwolfryd.com\/"},{"@type":"ListItem","position":2,"name":"Productos","item":"https:\/\/rickwolfryd.com\/shop\/"},{"@type":"ListItem","position":3,"name":"CHROMA aka Rick Wolfryd | Red After Kaws Speaker 2025"}]},{"@type":"WebSite","@id":"https:\/\/rickwolfryd.com\/#website","url":"https:\/\/rickwolfryd.com\/","name":"Rick Wolfryd | Chroma Official Shop","description":"Art Shop","publisher":{"@id":"https:\/\/rickwolfryd.com\/#organization"},"alternateName":"Chroma Official Shop","potentialAction":[{"@type":"SearchAction","target":{"@type":"EntryPoint","urlTemplate":"https:\/\/rickwolfryd.com\/?s={search_term_string}"},"query-input":{"@type":"PropertyValueSpecification","valueRequired":true,"valueName":"search_term_string"}}],"inLanguage":"en-US"},{"@type":"Organization","@id":"https:\/\/rickwolfryd.com\/#organization","name":"Rick Wolfryd | Chroma Official Shop","url":"https:\/\/rickwolfryd.com\/","logo":{"@type":"ImageObject","inLanguage":"en-US","@id":"https:\/\/rickwolfryd.com\/#\/schema\/logo\/image\/","url":"https:\/\/rickwolfryd.com\/wp-content\/uploads\/2024\/11\/cropped-cropped-image09.png","contentUrl":"https:\/\/rickwolfryd.com\/wp-content\/uploads\/2024\/11\/cropped-cropped-image09.png","width":219,"height":190,"caption":"Rick Wolfryd | Chroma Official Shop"},"image":{"@id":"https:\/\/rickwolfryd.com\/#\/schema\/logo\/image\/"},"sameAs":["https:\/\/www.facebook.com\/rick.wolfryd","https:\/\/www.linkedin.com\/in\/rick-wolfryd-16897876\/"]}]},"product_price_amount":"3500.00","product_price_currency":"USD","og_availability":"instock","product_availability":"instock","product_condition":"new"},"_links":{"self":[{"href":"https:\/\/rickwolfryd.com\/en\/wp-json\/wp\/v2\/product\/1829","targetHints":{"allow":["GET"]}}],"collection":[{"href":"https:\/\/rickwolfryd.com\/en\/wp-json\/wp\/v2\/product"}],"about":[{"href":"https:\/\/rickwolfryd.com\/en\/wp-json\/wp\/v2\/types\/product"}],"wp:featuredmedia":[{"embeddable":true,"href":"https:\/\/rickwolfryd.com\/en\/wp-json\/wp\/v2\/media\/1831"}],"wp:attachment":[{"href":"https:\/\/rickwolfryd.com\/en\/wp-json\/wp\/v2\/media?parent=1829"}],"wp:term":[{"taxonomy":"product_brand","embeddable":true,"href":"https:\/\/rickwolfryd.com\/en\/wp-json\/wp\/v2\/product_brand?post=1829"},{"taxonomy":"product_cat","embeddable":true,"href":"https:\/\/rickwolfryd.com\/en\/wp-json\/wp\/v2\/product_cat?post=1829"},{"taxonomy":"product_tag","embeddable":true,"href":"https:\/\/rickwolfryd.com\/en\/wp-json\/wp\/v2\/product_tag?post=1829"}],"curies":[{"name":"wp","href":"https:\/\/api.w.org\/{rel}","templated":true}]}}