{"id":1986,"date":"2025-07-02T22:26:40","date_gmt":"2025-07-02T22:26:40","guid":{"rendered":"https:\/\/rickwolfryd.com\/?post_type=product&#038;p=1986"},"modified":"2025-10-17T23:32:39","modified_gmt":"2025-10-17T23:32:39","slug":"chroma-rick-wolfryd-el-toro-para-ti-mexican-folk-art-animals","status":"publish","type":"product","link":"https:\/\/rickwolfryd.com\/en\/product\/chroma-rick-wolfryd-el-toro-para-ti-mexican-folk-art-animals\/","title":{"rendered":"CHROMA a.k.a Rick Wolfryd | &#8220;El Toro para T\u00ed&#8221; | Mexican Folk Art Animals"},"content":{"rendered":"<p data-start=\"34\" data-end=\"420\">El <strong data-start=\"62\" data-end=\"84\">Huichol Alterations<\/strong> es un proyecto colaborativo entre Rick Wolfryd, artista y marchante con m\u00e1s de 40 a\u00f1os de experiencia, y diversos artistas y estudios huicholes mexicanos. Tras m\u00e1s de 10 a\u00f1os viviendo en M\u00e9xico, Rick se ha fascinado por el arte huichol y actualmente se dedica a crear obras coleccionables utilizando abalorios de vidrio estilo huichol.<\/p>\n<p data-start=\"422\" data-end=\"669\">Con m\u00e1s de 20 a\u00f1os experimentando con pixelizaci\u00f3n digital, Rick encuentra una conexi\u00f3n sublime entre los puntos geom\u00e9tricos de la <strong data-start=\"553\" data-end=\"569\">pixelizaci\u00f3n<\/strong> y los <strong data-start=\"576\" data-end=\"589\">abalorios<\/strong>, ya que ambos dependen de patrones geom\u00e9tricos para crear im\u00e1genes especiales.<\/p>\n<p data-start=\"671\" data-end=\"857\">A lo largo de su carrera, Rick tambi\u00e9n ha explorado patrones antropom\u00f3rficos abstractos, una influencia visible en sus primeros trabajos impresos y en sus incursiones en el arte digital.<\/p>\n<p data-start=\"1026\" data-end=\"1190\">Este proyecto no solo tiene la intenci\u00f3n de ofrecer arte \u00fanico, sino tambi\u00e9n de apoyar el crecimiento y reconocimiento de la comunidad huichol en el mundo del arte.<\/p>\n<p data-start=\"1192\" data-end=\"1256\"><strong data-start=\"1192\" data-end=\"1256\">\u00a1Rick est\u00e1 disponible para realizar encargos personalizados!<\/strong><\/p>\n<p data-start=\"1297\" data-end=\"1687\"><strong data-start=\"1318\" data-end=\"1336\">Alteration Art<\/strong> is a collaborative project between Rick Wolfryd, an artist and art dealer with over 40 years of experience, and several Mexican Huichol artists and Huichol art studios. After living in Mexico for more than 10 years, Rick became deeply captivated by Huichol art and now dedicates himself to creating collectible pieces using Huichol-style glass beads.<\/p>\n<p data-start=\"1689\" data-end=\"1877\">With over 20 years of experience in digital pixelation, Rick finds a sublime connection between <strong data-start=\"1785\" data-end=\"1799\">pixelation<\/strong> and <strong data-start=\"1804\" data-end=\"1815\">beading<\/strong>, as both rely on geometric patterns to create special images.<\/p>\n<p data-start=\"1879\" data-end=\"2040\">Throughout his career, Rick has also explored abstract anthropomorphic patterns, which were evident in his early printed works and his ventures into digital art.<\/p>\n<p data-start=\"2042\" data-end=\"2192\">Rick refers to his current style as <strong data-start=\"2078\" data-end=\"2118\">\u201cGlass beads with steroids for 2023\u201d<\/strong>, blending traditional Huichol craftsmanship with contemporary aesthetics.<\/p>\n<p data-start=\"2194\" data-end=\"2336\">This project aims not only to deliver unique art but also to support the growth and recognition of the Huichol community within the art world.<\/p>\n<p data-start=\"2338\" data-end=\"2384\"><strong data-start=\"2338\" data-end=\"2384\">Rick is always open to custom commissions!<\/strong><\/p>\n<div style=\"width: 478px;\" class=\"wp-video\"><!--[if lt IE 9]><script>document.createElement('video');<\/script><![endif]-->\n<video class=\"wp-video-shortcode\" id=\"video-1986-1\" width=\"478\" height=\"850\" preload=\"metadata\" controls=\"controls\"><source type=\"video\/mp4\" src=\"https:\/\/rickwolfryd.com\/wp-content\/uploads\/2025\/07\/Video-de-WhatsApp-2025-06-26-a-las-17.43.23_00666116.mp4?_=1\" \/><a href=\"https:\/\/rickwolfryd.com\/wp-content\/uploads\/2025\/07\/Video-de-WhatsApp-2025-06-26-a-las-17.43.23_00666116.mp4\">https:\/\/rickwolfryd.com\/wp-content\/uploads\/2025\/07\/Video-de-WhatsApp-2025-06-26-a-las-17.43.23_00666116.mp4<\/a><\/video><\/div>","protected":false},"excerpt":{"rendered":"<p>A vibrant sculpture featuring traditional Huichol beadwork. This captivating piece blends Mexican folk art with modern artistry, celebrating animal symbolism and cultural heritage.<\/p>\n<p data-start=\"153\" data-end=\"351\"><strong data-start=\"153\" data-end=\"182\">Env\u00edo en Ciudad de M\u00e9xico<\/strong>:<br data-start=\"183\" data-end=\"186\" \/>El env\u00edo dentro de la Ciudad de M\u00e9xico es <strong data-start=\"228\" data-end=\"251\">totalmente gratuito<\/strong> para todas las compras. \u00a1Nos aseguramos de que tu obra de arte llegue segura y sin costo adicional!<\/p>\n<p data-start=\"231\" data-end=\"483\"><strong data-start=\"231\" data-end=\"257\">International Shipping<\/strong>:<br data-start=\"258\" data-end=\"261\" \/>For shipments outside of Mexico, please <strong data-start=\"301\" data-end=\"324\">contact us directly<\/strong>. We will personally calculate the shipping cost based on your location and order details to provide you with <strong data-start=\"434\" data-end=\"473\">the best price and customer service<\/strong> possible.<\/p>","protected":false},"featured_media":1993,"template":"","meta":[],"product_brand":[],"product_cat":[60],"product_tag":[40,63,41,78,79,80,77],"class_list":{"0":"post-1986","1":"product","2":"type-product","3":"status-publish","4":"has-post-thumbnail","6":"product_cat-traditional-huichol-animals","7":"product_tag-arte-huichol","8":"product_tag-huichol-animals","9":"product_tag-huichol-art","10":"product_tag-huichol-art-animals","11":"product_tag-huichol-art-beads","12":"product_tag-mexican-animal-figurines","13":"product_tag-mexican-folk-art-animals","15":"first","16":"instock","17":"taxable","18":"shipping-taxable","19":"purchasable","20":"product-type-simple"},"yoast_head":"<!-- This site is optimized with the Yoast SEO Premium plugin v22.1 (Yoast SEO v27.5) - https:\/\/yoast.com\/product\/yoast-seo-premium-wordpress\/ -->\n<title>&quot;Rick Wolfryd | Chroma | Toro Mexican Folk Art Animals Sculpture&quot;<\/title>\n<meta name=\"description\" content=\"A captivating piece of Mexican folk art animals. A vibrant sculpture combines traditional Huichol beadwork with modern artistry, celebrating Mexican Culture\" \/>\n<meta name=\"robots\" content=\"index, follow, max-snippet:-1, max-image-preview:large, max-video-preview:-1\" \/>\n<link rel=\"canonical\" href=\"https:\/\/rickwolfryd.com\/en\/product\/chroma-rick-wolfryd-el-toro-para-ti-mexican-folk-art-animals\/\" \/>\n<meta property=\"og:locale\" content=\"en_US\" \/>\n<meta property=\"og:type\" content=\"article\" \/>\n<meta property=\"og:title\" content=\"CHROMA a.k.a Rick Wolfryd | &quot;El Toro para T\u00ed&quot; | Mexican Folk Art Animals\" \/>\n<meta property=\"og:description\" content=\"A captivating piece of Mexican folk art animals. A vibrant sculpture combines traditional Huichol beadwork with modern artistry, celebrating Mexican Culture\" \/>\n<meta property=\"og:url\" content=\"https:\/\/rickwolfryd.com\/en\/product\/chroma-rick-wolfryd-el-toro-para-ti-mexican-folk-art-animals\/\" \/>\n<meta property=\"og:site_name\" content=\"Rick Wolfryd Shop\" \/>\n<meta property=\"article:publisher\" content=\"https:\/\/www.facebook.com\/rick.wolfryd\" \/>\n<meta property=\"article:modified_time\" content=\"2025-10-17T23:32:39+00:00\" \/>\n<meta property=\"og:image\" content=\"https:\/\/rickwolfryd.com\/wp-content\/uploads\/2025\/07\/IMG_4393-scaled.jpg\" \/>\n\t<meta property=\"og:image:width\" content=\"2560\" \/>\n\t<meta property=\"og:image:height\" content=\"2176\" \/>\n\t<meta property=\"og:image:type\" content=\"image\/jpeg\" \/>\n<meta name=\"twitter:card\" content=\"summary_large_image\" \/>\n<meta name=\"twitter:label1\" content=\"Price\" \/>\n\t<meta name=\"twitter:data1\" content=\"5,500.00&nbsp;USD\" \/>\n\t<meta name=\"twitter:label2\" content=\"Availability\" \/>\n\t<meta name=\"twitter:data2\" content=\"In stock\" \/>\n<script type=\"application\/ld+json\" class=\"yoast-schema-graph\">{\"@context\":\"https:\\\/\\\/schema.org\",\"@graph\":[{\"@type\":\"WebPage\",\"@id\":\"https:\\\/\\\/rickwolfryd.com\\\/producto\\\/chroma-rick-wolfryd-el-toro-para-ti-mexican-folk-art-animals\\\/\",\"url\":\"https:\\\/\\\/rickwolfryd.com\\\/producto\\\/chroma-rick-wolfryd-el-toro-para-ti-mexican-folk-art-animals\\\/\",\"name\":\"\\\"Rick Wolfryd | Chroma | Toro Mexican Folk Art Animals Sculpture\\\"\",\"isPartOf\":{\"@id\":\"https:\\\/\\\/rickwolfryd.com\\\/#website\"},\"primaryImageOfPage\":{\"@id\":\"https:\\\/\\\/rickwolfryd.com\\\/producto\\\/chroma-rick-wolfryd-el-toro-para-ti-mexican-folk-art-animals\\\/#primaryimage\"},\"image\":{\"@id\":\"https:\\\/\\\/rickwolfryd.com\\\/producto\\\/chroma-rick-wolfryd-el-toro-para-ti-mexican-folk-art-animals\\\/#primaryimage\"},\"thumbnailUrl\":\"https:\\\/\\\/rickwolfryd.com\\\/wp-content\\\/uploads\\\/2025\\\/07\\\/IMG_4393-scaled.jpg\",\"datePublished\":\"2025-07-02T22:26:40+00:00\",\"dateModified\":\"2025-10-17T23:32:39+00:00\",\"description\":\"A captivating piece of Mexican folk art animals. A vibrant sculpture combines traditional Huichol beadwork with modern artistry, celebrating Mexican Culture\",\"breadcrumb\":{\"@id\":\"https:\\\/\\\/rickwolfryd.com\\\/producto\\\/chroma-rick-wolfryd-el-toro-para-ti-mexican-folk-art-animals\\\/#breadcrumb\"},\"inLanguage\":\"en-US\",\"potentialAction\":[{\"@type\":\"ReadAction\",\"target\":[\"https:\\\/\\\/rickwolfryd.com\\\/producto\\\/chroma-rick-wolfryd-el-toro-para-ti-mexican-folk-art-animals\\\/\"]}]},{\"@type\":\"ImageObject\",\"inLanguage\":\"en-US\",\"@id\":\"https:\\\/\\\/rickwolfryd.com\\\/producto\\\/chroma-rick-wolfryd-el-toro-para-ti-mexican-folk-art-animals\\\/#primaryimage\",\"url\":\"https:\\\/\\\/rickwolfryd.com\\\/wp-content\\\/uploads\\\/2025\\\/07\\\/IMG_4393-scaled.jpg\",\"contentUrl\":\"https:\\\/\\\/rickwolfryd.com\\\/wp-content\\\/uploads\\\/2025\\\/07\\\/IMG_4393-scaled.jpg\",\"width\":2560,\"height\":2176,\"caption\":\"mexican folk art animals\"},{\"@type\":\"BreadcrumbList\",\"@id\":\"https:\\\/\\\/rickwolfryd.com\\\/producto\\\/chroma-rick-wolfryd-el-toro-para-ti-mexican-folk-art-animals\\\/#breadcrumb\",\"itemListElement\":[{\"@type\":\"ListItem\",\"position\":1,\"name\":\"Inicio\",\"item\":\"https:\\\/\\\/rickwolfryd.com\\\/\"},{\"@type\":\"ListItem\",\"position\":2,\"name\":\"Productos\",\"item\":\"https:\\\/\\\/rickwolfryd.com\\\/shop\\\/\"},{\"@type\":\"ListItem\",\"position\":3,\"name\":\"CHROMA a.k.a Rick Wolfryd | &#8220;El Toro para T\u00ed&#8221; | Mexican Folk Art Animals\"}]},{\"@type\":\"WebSite\",\"@id\":\"https:\\\/\\\/rickwolfryd.com\\\/#website\",\"url\":\"https:\\\/\\\/rickwolfryd.com\\\/\",\"name\":\"Rick Wolfryd | Chroma Official Shop\",\"description\":\"Art Shop\",\"publisher\":{\"@id\":\"https:\\\/\\\/rickwolfryd.com\\\/#organization\"},\"alternateName\":\"Chroma Official Shop\",\"potentialAction\":[{\"@type\":\"SearchAction\",\"target\":{\"@type\":\"EntryPoint\",\"urlTemplate\":\"https:\\\/\\\/rickwolfryd.com\\\/?s={search_term_string}\"},\"query-input\":{\"@type\":\"PropertyValueSpecification\",\"valueRequired\":true,\"valueName\":\"search_term_string\"}}],\"inLanguage\":\"en-US\"},{\"@type\":\"Organization\",\"@id\":\"https:\\\/\\\/rickwolfryd.com\\\/#organization\",\"name\":\"Rick Wolfryd | Chroma Official Shop\",\"url\":\"https:\\\/\\\/rickwolfryd.com\\\/\",\"logo\":{\"@type\":\"ImageObject\",\"inLanguage\":\"en-US\",\"@id\":\"https:\\\/\\\/rickwolfryd.com\\\/#\\\/schema\\\/logo\\\/image\\\/\",\"url\":\"https:\\\/\\\/rickwolfryd.com\\\/wp-content\\\/uploads\\\/2024\\\/11\\\/cropped-cropped-image09.png\",\"contentUrl\":\"https:\\\/\\\/rickwolfryd.com\\\/wp-content\\\/uploads\\\/2024\\\/11\\\/cropped-cropped-image09.png\",\"width\":219,\"height\":190,\"caption\":\"Rick Wolfryd | Chroma Official Shop\"},\"image\":{\"@id\":\"https:\\\/\\\/rickwolfryd.com\\\/#\\\/schema\\\/logo\\\/image\\\/\"},\"sameAs\":[\"https:\\\/\\\/www.facebook.com\\\/rick.wolfryd\",\"https:\\\/\\\/www.linkedin.com\\\/in\\\/rick-wolfryd-16897876\\\/\"]}]}<\/script>\n<meta property=\"product:price:amount\" content=\"5500.00\" \/>\n<meta property=\"product:price:currency\" content=\"USD\" \/>\n<meta property=\"og:availability\" content=\"instock\" \/>\n<meta property=\"product:availability\" content=\"instock\" \/>\n<meta property=\"product:condition\" content=\"new\" \/>\n<!-- \/ Yoast SEO Premium plugin. -->","yoast_head_json":{"title":"\"Rick Wolfryd | Chroma | Toro Mexican Folk Art Animals Sculpture\"","description":"A captivating piece of Mexican folk art animals. A vibrant sculpture combines traditional Huichol beadwork with modern artistry, celebrating Mexican Culture","robots":{"index":"index","follow":"follow","max-snippet":"max-snippet:-1","max-image-preview":"max-image-preview:large","max-video-preview":"max-video-preview:-1"},"canonical":"https:\/\/rickwolfryd.com\/en\/product\/chroma-rick-wolfryd-el-toro-para-ti-mexican-folk-art-animals\/","og_locale":"en_US","og_type":"article","og_title":"CHROMA a.k.a Rick Wolfryd | \"El Toro para T\u00ed\" | Mexican Folk Art Animals","og_description":"A captivating piece of Mexican folk art animals. A vibrant sculpture combines traditional Huichol beadwork with modern artistry, celebrating Mexican Culture","og_url":"https:\/\/rickwolfryd.com\/en\/product\/chroma-rick-wolfryd-el-toro-para-ti-mexican-folk-art-animals\/","og_site_name":"Rick Wolfryd Shop","article_publisher":"https:\/\/www.facebook.com\/rick.wolfryd","article_modified_time":"2025-10-17T23:32:39+00:00","og_image":[{"width":2560,"height":2176,"url":"https:\/\/rickwolfryd.com\/wp-content\/uploads\/2025\/07\/IMG_4393-scaled.jpg","type":"image\/jpeg"}],"twitter_card":"summary_large_image","twitter_misc":{"Price":"5,500.00&nbsp;USD","Availability":"In stock"},"schema":{"@context":"https:\/\/schema.org","@graph":[{"@type":"WebPage","@id":"https:\/\/rickwolfryd.com\/producto\/chroma-rick-wolfryd-el-toro-para-ti-mexican-folk-art-animals\/","url":"https:\/\/rickwolfryd.com\/producto\/chroma-rick-wolfryd-el-toro-para-ti-mexican-folk-art-animals\/","name":"\"Rick Wolfryd | Chroma | Toro Mexican Folk Art Animals Sculpture\"","isPartOf":{"@id":"https:\/\/rickwolfryd.com\/#website"},"primaryImageOfPage":{"@id":"https:\/\/rickwolfryd.com\/producto\/chroma-rick-wolfryd-el-toro-para-ti-mexican-folk-art-animals\/#primaryimage"},"image":{"@id":"https:\/\/rickwolfryd.com\/producto\/chroma-rick-wolfryd-el-toro-para-ti-mexican-folk-art-animals\/#primaryimage"},"thumbnailUrl":"https:\/\/rickwolfryd.com\/wp-content\/uploads\/2025\/07\/IMG_4393-scaled.jpg","datePublished":"2025-07-02T22:26:40+00:00","dateModified":"2025-10-17T23:32:39+00:00","description":"A captivating piece of Mexican folk art animals. A vibrant sculpture combines traditional Huichol beadwork with modern artistry, celebrating Mexican Culture","breadcrumb":{"@id":"https:\/\/rickwolfryd.com\/producto\/chroma-rick-wolfryd-el-toro-para-ti-mexican-folk-art-animals\/#breadcrumb"},"inLanguage":"en-US","potentialAction":[{"@type":"ReadAction","target":["https:\/\/rickwolfryd.com\/producto\/chroma-rick-wolfryd-el-toro-para-ti-mexican-folk-art-animals\/"]}]},{"@type":"ImageObject","inLanguage":"en-US","@id":"https:\/\/rickwolfryd.com\/producto\/chroma-rick-wolfryd-el-toro-para-ti-mexican-folk-art-animals\/#primaryimage","url":"https:\/\/rickwolfryd.com\/wp-content\/uploads\/2025\/07\/IMG_4393-scaled.jpg","contentUrl":"https:\/\/rickwolfryd.com\/wp-content\/uploads\/2025\/07\/IMG_4393-scaled.jpg","width":2560,"height":2176,"caption":"mexican folk art animals"},{"@type":"BreadcrumbList","@id":"https:\/\/rickwolfryd.com\/producto\/chroma-rick-wolfryd-el-toro-para-ti-mexican-folk-art-animals\/#breadcrumb","itemListElement":[{"@type":"ListItem","position":1,"name":"Inicio","item":"https:\/\/rickwolfryd.com\/"},{"@type":"ListItem","position":2,"name":"Productos","item":"https:\/\/rickwolfryd.com\/shop\/"},{"@type":"ListItem","position":3,"name":"CHROMA a.k.a Rick Wolfryd | &#8220;El Toro para T\u00ed&#8221; | Mexican Folk Art Animals"}]},{"@type":"WebSite","@id":"https:\/\/rickwolfryd.com\/#website","url":"https:\/\/rickwolfryd.com\/","name":"Rick Wolfryd | Chroma Official Shop","description":"Art Shop","publisher":{"@id":"https:\/\/rickwolfryd.com\/#organization"},"alternateName":"Chroma Official Shop","potentialAction":[{"@type":"SearchAction","target":{"@type":"EntryPoint","urlTemplate":"https:\/\/rickwolfryd.com\/?s={search_term_string}"},"query-input":{"@type":"PropertyValueSpecification","valueRequired":true,"valueName":"search_term_string"}}],"inLanguage":"en-US"},{"@type":"Organization","@id":"https:\/\/rickwolfryd.com\/#organization","name":"Rick Wolfryd | Chroma Official Shop","url":"https:\/\/rickwolfryd.com\/","logo":{"@type":"ImageObject","inLanguage":"en-US","@id":"https:\/\/rickwolfryd.com\/#\/schema\/logo\/image\/","url":"https:\/\/rickwolfryd.com\/wp-content\/uploads\/2024\/11\/cropped-cropped-image09.png","contentUrl":"https:\/\/rickwolfryd.com\/wp-content\/uploads\/2024\/11\/cropped-cropped-image09.png","width":219,"height":190,"caption":"Rick Wolfryd | Chroma Official Shop"},"image":{"@id":"https:\/\/rickwolfryd.com\/#\/schema\/logo\/image\/"},"sameAs":["https:\/\/www.facebook.com\/rick.wolfryd","https:\/\/www.linkedin.com\/in\/rick-wolfryd-16897876\/"]}]},"product_price_amount":"5500.00","product_price_currency":"USD","og_availability":"instock","product_availability":"instock","product_condition":"new"},"_links":{"self":[{"href":"https:\/\/rickwolfryd.com\/en\/wp-json\/wp\/v2\/product\/1986","targetHints":{"allow":["GET"]}}],"collection":[{"href":"https:\/\/rickwolfryd.com\/en\/wp-json\/wp\/v2\/product"}],"about":[{"href":"https:\/\/rickwolfryd.com\/en\/wp-json\/wp\/v2\/types\/product"}],"wp:featuredmedia":[{"embeddable":true,"href":"https:\/\/rickwolfryd.com\/en\/wp-json\/wp\/v2\/media\/1993"}],"wp:attachment":[{"href":"https:\/\/rickwolfryd.com\/en\/wp-json\/wp\/v2\/media?parent=1986"}],"wp:term":[{"taxonomy":"product_brand","embeddable":true,"href":"https:\/\/rickwolfryd.com\/en\/wp-json\/wp\/v2\/product_brand?post=1986"},{"taxonomy":"product_cat","embeddable":true,"href":"https:\/\/rickwolfryd.com\/en\/wp-json\/wp\/v2\/product_cat?post=1986"},{"taxonomy":"product_tag","embeddable":true,"href":"https:\/\/rickwolfryd.com\/en\/wp-json\/wp\/v2\/product_tag?post=1986"}],"curies":[{"name":"wp","href":"https:\/\/api.w.org\/{rel}","templated":true}]}}